{"id":4825,"date":"2023-01-09T11:04:07","date_gmt":"2023-01-09T11:04:07","guid":{"rendered":"https:\/\/robotic-solutions.de\/?post_type=product&#038;p=4825"},"modified":"2023-06-16T14:29:22","modified_gmt":"2023-06-16T13:29:22","slug":"kabelschutzschlauch-typ-ew-hy","status":"publish","type":"product","link":"https:\/\/robotic-solutions.de\/zh\/product\/kabelschutzschlauch-typ-ew-hy\/","title":{"rendered":"Kabelschutzschlauch Typ EW-HY"},"content":{"rendered":"<p class=\"translation-block\">Kabelschutzschlauch f\u00fcr mittlere mechanische Beanspruchungen<span class=\"Apple-converted-space\">&nbsp;<\/span>und h\u00f6chste Flexibilit\u00e4t. Ideal f\u00fcr Roboteranwendungen in h\u00f6heren<span class=\"Apple-converted-space\">&nbsp;<\/span>Umgebungstemperaturen.<\/p>\n<p><strong>\u5e94\u7528\u3002<\/strong><\/p>\n<ul>\n<li>\u673a\u5668\u4eba<\/li>\n<li>\u5904\u7406\u7cfb\u7edf<\/li>\n<li>\u5728\u7535\u7f06\u62d6\u94fe\u4e2d<\/li>\n<li>\u8f66\u8f86\u6784\u9020<\/li>\n<\/ul>\n<p>&nbsp;<\/p>\n<p><img decoding=\"async\" class=\"alignnone wp-image-4826\" src=\"https:\/\/robotic-solutions.de\/wp-content\/uploads\/2023\/01\/Kabelschutzschlauch-Typ-EW-HY-daten-300x144.png\" alt=\"\" width=\"252\" height=\"121\" srcset=\"https:\/\/robotic-solutions.de\/wp-content\/uploads\/2023\/01\/Kabelschutzschlauch-Typ-EW-HY-daten-300x144.png 300w, https:\/\/robotic-solutions.de\/wp-content\/uploads\/2023\/01\/Kabelschutzschlauch-Typ-EW-HY-daten-600x288.png 600w, https:\/\/robotic-solutions.de\/wp-content\/uploads\/2023\/01\/Kabelschutzschlauch-Typ-EW-HY-daten-1024x491.png 1024w, https:\/\/robotic-solutions.de\/wp-content\/uploads\/2023\/01\/Kabelschutzschlauch-Typ-EW-HY-daten-768x369.png 768w, https:\/\/robotic-solutions.de\/wp-content\/uploads\/2023\/01\/Kabelschutzschlauch-Typ-EW-HY-daten-18x9.png 18w, https:\/\/robotic-solutions.de\/wp-content\/uploads\/2023\/01\/Kabelschutzschlauch-Typ-EW-HY-daten-1320x633.png 1320w, https:\/\/robotic-solutions.de\/wp-content\/uploads\/2023\/01\/Kabelschutzschlauch-Typ-EW-HY-daten.png 1438w\" sizes=\"(max-width: 252px) 100vw, 252px\" \/><\/p>\n<p>&nbsp;<\/p>\n<p>* Produkt mit schmaler Wellung<\/p>","protected":false},"excerpt":{"rendered":"<p>Kabelschutzschlauch f\u00fcr mittlere mechanische Beanspruchungen\u00a0und h\u00f6chste Flexibilit\u00e4t. Ideal f\u00fcr Roboteranwendungen in h\u00f6heren\u00a0Umgebungstemperaturen. Anwendungen: Roboter Handlingsysteme in Energief\u00fchrungsketten Fahrzeugbau &nbsp; &nbsp; * Produkt mit schmaler Wellung<\/p>","protected":false},"featured_media":4847,"template":"","meta":[],"product_cat":[43],"product_tag":[105],"class_list":{"0":"post-4825","1":"product","2":"type-product","3":"status-publish","4":"has-post-thumbnail","6":"product_cat-kabelschutzschlauch-2","7":"product_tag-kabelschutzschlauch-typ-ew-hy","9":"first","10":"instock","11":"shipping-taxable","12":"purchasable","13":"product-type-variable"},"_links":{"self":[{"href":"https:\/\/robotic-solutions.de\/zh\/wp-json\/wp\/v2\/product\/4825","targetHints":{"allow":["GET"]}}],"collection":[{"href":"https:\/\/robotic-solutions.de\/zh\/wp-json\/wp\/v2\/product"}],"about":[{"href":"https:\/\/robotic-solutions.de\/zh\/wp-json\/wp\/v2\/types\/product"}],"wp:featuredmedia":[{"embeddable":true,"href":"https:\/\/robotic-solutions.de\/zh\/wp-json\/wp\/v2\/media\/4847"}],"wp:attachment":[{"href":"https:\/\/robotic-solutions.de\/zh\/wp-json\/wp\/v2\/media?parent=4825"}],"wp:term":[{"taxonomy":"product_cat","embeddable":true,"href":"https:\/\/robotic-solutions.de\/zh\/wp-json\/wp\/v2\/product_cat?post=4825"},{"taxonomy":"product_tag","embeddable":true,"href":"https:\/\/robotic-solutions.de\/zh\/wp-json\/wp\/v2\/product_tag?post=4825"}],"curies":[{"name":"wp","href":"https:\/\/api.w.org\/{rel}","templated":true}]}}