{"id":4808,"date":"2023-01-08T15:15:34","date_gmt":"2023-01-08T15:15:34","guid":{"rendered":"https:\/\/robotic-solutions.de\/?post_type=product&#038;p=4808"},"modified":"2023-06-16T14:31:04","modified_gmt":"2023-06-16T13:31:04","slug":"kabelschutzschlauch-typ-ewx-pae-hohe-wellung","status":"publish","type":"product","link":"https:\/\/robotic-solutions.de\/zh\/product\/kabelschutzschlauch-typ-ewx-pae-hohe-wellung\/","title":{"rendered":"Kabelschutzschlauch Typ EWX-PAE (hohe Wellung)"},"content":{"rendered":"<p class=\"translation-block\">Dieser Kabelschutzschlauch ist speziell f\u00fcr Roboteranwendungen<span class=\"Apple-converted-space\">&nbsp;<\/span>entwickelt worden, bei denen extreme Bewegungen stattfinden.<span class=\"Apple-converted-space\">&nbsp;<\/span>Die besondere Wellengeometrie bietet verbesserte Eigenschaften:<span class=\"Apple-converted-space\">&nbsp;<\/span><\/p>\n<p class=\"translation-block\">Extrem kleine Biegeradien bei extrem hoher Flexibilit\u00e4t und extremer<span class=\"Apple-converted-space\">&nbsp;<\/span>Biegewechselfestigkeit. Dazu noch hohe Abriebfestigkeit und hohe<span class=\"Apple-converted-space\">&nbsp;<\/span>Scheiteldruckfestigkeit. Auch mit L\u00e4ngsschlitz verf\u00fcgbar.<\/p>\n<p>&nbsp;<\/p>\n<p><strong>\u5e94\u7528\u3002<\/strong><\/p>\n<ul>\n<li>\u673a\u5668\u4eba<\/li>\n<li>\u5904\u7406\u7cfb\u7edf<\/li>\n<li>\u5728\u7535\u7f06\u62d6\u94fe\u4e2d<\/li>\n<\/ul>\n<p>&nbsp;<\/p>\n<p><img decoding=\"async\" class=\"alignnone wp-image-4777\" src=\"https:\/\/robotic-solutions.de\/wp-content\/uploads\/2023\/01\/eigenschaften-Kabelschutzschlauch-Typ-EW-PAE-300x172.png\" alt=\"\" width=\"232\" height=\"133\" srcset=\"https:\/\/robotic-solutions.de\/wp-content\/uploads\/2023\/01\/eigenschaften-Kabelschutzschlauch-Typ-EW-PAE-300x172.png 300w, https:\/\/robotic-solutions.de\/wp-content\/uploads\/2023\/01\/eigenschaften-Kabelschutzschlauch-Typ-EW-PAE-600x344.png 600w, https:\/\/robotic-solutions.de\/wp-content\/uploads\/2023\/01\/eigenschaften-Kabelschutzschlauch-Typ-EW-PAE-1024x586.png 1024w, https:\/\/robotic-solutions.de\/wp-content\/uploads\/2023\/01\/eigenschaften-Kabelschutzschlauch-Typ-EW-PAE-768x440.png 768w, https:\/\/robotic-solutions.de\/wp-content\/uploads\/2023\/01\/eigenschaften-Kabelschutzschlauch-Typ-EW-PAE-18x10.png 18w, https:\/\/robotic-solutions.de\/wp-content\/uploads\/2023\/01\/eigenschaften-Kabelschutzschlauch-Typ-EW-PAE.png 1184w\" sizes=\"(max-width: 232px) 100vw, 232px\" \/><\/p>","protected":false},"excerpt":{"rendered":"<p>Dieser Kabelschutzschlauch ist speziell f\u00fcr Roboteranwendungen\u00a0entwickelt worden, bei denen extreme Bewegungen stattfinden.\u00a0Die besondere Wellengeometrie bietet verbesserte Eigenschaften:\u00a0 Extrem kleine Biegeradien bei extrem hoher Flexibilit\u00e4t und extremer\u00a0Biegewechselfestigkeit. Dazu noch hohe Abriebfestigkeit und hohe\u00a0Scheiteldruckfestigkeit. Auch mit L\u00e4ngsschlitz verf\u00fcgbar. &nbsp; Anwendungen: Roboter Handlingsysteme in Energief\u00fchrungsketten &nbsp;<\/p>","protected":false},"featured_media":4809,"template":"","meta":[],"product_cat":[43],"product_tag":[104],"class_list":{"0":"post-4808","1":"product","2":"type-product","3":"status-publish","4":"has-post-thumbnail","6":"product_cat-kabelschutzschlauch-2","7":"product_tag-kabelschutzschlauch-typ-ewx-pae-hohe-wellung","9":"first","10":"instock","11":"shipping-taxable","12":"purchasable","13":"product-type-variable"},"_links":{"self":[{"href":"https:\/\/robotic-solutions.de\/zh\/wp-json\/wp\/v2\/product\/4808","targetHints":{"allow":["GET"]}}],"collection":[{"href":"https:\/\/robotic-solutions.de\/zh\/wp-json\/wp\/v2\/product"}],"about":[{"href":"https:\/\/robotic-solutions.de\/zh\/wp-json\/wp\/v2\/types\/product"}],"wp:featuredmedia":[{"embeddable":true,"href":"https:\/\/robotic-solutions.de\/zh\/wp-json\/wp\/v2\/media\/4809"}],"wp:attachment":[{"href":"https:\/\/robotic-solutions.de\/zh\/wp-json\/wp\/v2\/media?parent=4808"}],"wp:term":[{"taxonomy":"product_cat","embeddable":true,"href":"https:\/\/robotic-solutions.de\/zh\/wp-json\/wp\/v2\/product_cat?post=4808"},{"taxonomy":"product_tag","embeddable":true,"href":"https:\/\/robotic-solutions.de\/zh\/wp-json\/wp\/v2\/product_tag?post=4808"}],"curies":[{"name":"wp","href":"https:\/\/api.w.org\/{rel}","templated":true}]}}