{"id":4656,"date":"2023-01-06T10:20:33","date_gmt":"2023-01-06T10:20:33","guid":{"rendered":"https:\/\/robotic-solutions.de\/?post_type=product&#038;p=4656"},"modified":"2023-01-08T13:39:59","modified_gmt":"2023-01-08T13:39:59","slug":"zugentlastung","status":"publish","type":"product","link":"https:\/\/robotic-solutions.de\/zh\/product\/zugentlastung\/","title":{"rendered":"\u61c9\u529b\u6d88\u9664"},"content":{"rendered":"<p class=\"translation-block\">\u7528\u65bc\u56fa\u5b9a\u8edf\u7ba1\u5305\u4e2d\u96fb\u7e9c\u7684\u61c9\u529b\u91cb\u653e\u88dd\u7f6e\u3002\u53ef\u8f15\u9b06\u5c07\u96fb\u7e9c\u5b89\u88dd\u5728\u5f48\u6027\u96fb\u7e9c\u661f\u3002<\/p>\n<ul>\n<li>ZL\/N1 \u7528\u65bc\u8207 SH-(F\/P\/PF) \u7cfb\u7d71\u652f\u67b6\u7d44\u5408\uff0c\u5b89\u88dd\u5728 KEG-K \u578b\u7403\u7aef\u9278\u93c8\u4e2d\u3002\u5ba2\u6236\u53ef\u4f9d\u6240\u9700\u7e9c\u7dda\u76f4\u5f91\u947d\u5b54<\/li>\n<li>ZL3 \u4f5c\u70ba\u7cfb\u7d71\u76d2 36\/48\/56\/70 \u7684\u61c9\u529b\u6d88\u9664\u652f\u6490<\/li>\n<li>ZL3 \u53ef\u5b89\u88dd\u5728 SHK 70-RM \u7cfb\u7d71\u6258\u67b6\u4e2d\uff0c\u7121\u9700\u984d\u5916\u7d44\u4ef6<\/li>\n<\/ul>","protected":false},"excerpt":{"rendered":"<p>Zugentlastungen zur Fixierung der Leitungen im Schlauchpaket.\u00a0Die Leitungen lassen sich im elastischen Kabelstern einfach montieren.\u00a0 ZL\/N1 zur Montage in den Kugelendgelenken vom Typ KEG-K in Kombination mit dem Systemhalter SH-(F\/P\/PF). Bohrungen f\u00fcr die ben\u00f6tigten Leitungsdurchmesser k\u00f6nnen selbst angefertigt werden ZL3 als Zugentlastungs-Aufnahme fu\u0308r die Systemboxen 36\/48\/56\/70 ZL3 zur Montage im Systemhalter SHK 70-RM ohne weitere [&hellip;]<\/p>\n","protected":false},"featured_media":4657,"template":"","meta":[],"product_cat":[24,36],"product_tag":[79,102],"class_list":{"0":"post-4656","1":"product","2":"type-product","3":"status-publish","4":"has-post-thumbnail","6":"product_cat-zubehoer","7":"product_cat-zugentlastung","8":"product_tag-zugentlastung","9":"product_tag-zugentlastung-uebersicht","11":"first","12":"instock","13":"shipping-taxable","14":"purchasable","15":"product-type-variable"},"_links":{"self":[{"href":"https:\/\/robotic-solutions.de\/zh\/wp-json\/wp\/v2\/product\/4656","targetHints":{"allow":["GET"]}}],"collection":[{"href":"https:\/\/robotic-solutions.de\/zh\/wp-json\/wp\/v2\/product"}],"about":[{"href":"https:\/\/robotic-solutions.de\/zh\/wp-json\/wp\/v2\/types\/product"}],"wp:featuredmedia":[{"embeddable":true,"href":"https:\/\/robotic-solutions.de\/zh\/wp-json\/wp\/v2\/media\/4657"}],"wp:attachment":[{"href":"https:\/\/robotic-solutions.de\/zh\/wp-json\/wp\/v2\/media?parent=4656"}],"wp:term":[{"taxonomy":"product_cat","embeddable":true,"href":"https:\/\/robotic-solutions.de\/zh\/wp-json\/wp\/v2\/product_cat?post=4656"},{"taxonomy":"product_tag","embeddable":true,"href":"https:\/\/robotic-solutions.de\/zh\/wp-json\/wp\/v2\/product_tag?post=4656"}],"curies":[{"name":"wp","href":"https:\/\/api.w.org\/{rel}","templated":true}]}}