{"id":4643,"date":"2023-01-05T13:48:01","date_gmt":"2023-01-05T13:48:01","guid":{"rendered":"https:\/\/robotic-solutions.de\/?post_type=product&#038;p=4643"},"modified":"2023-01-05T14:32:07","modified_gmt":"2023-01-05T14:32:07","slug":"kugelendgelenk","status":"publish","type":"product","link":"https:\/\/robotic-solutions.de\/zh\/product\/kugelendgelenk\/","title":{"rendered":"\u7403\u7aef\u63a5\u982d"},"content":{"rendered":"<p class=\"translation-block\">\u7403\u7aef\u63a5\u982d\u7528\u65bc\u96fb\u7e9c\u6216\u4ecb\u8cea\u8edf\u7ba1\u5f9e\u96fb\u7e9c\u4fdd\u8b77\u5c0e\u7ba1\u4f38\u51fa\u7684\u5730\u65b9\u3002\u53ef\u63d0\u4f9b\u5e36\u96c6\u6210\u6216\u53ef\u9078\u61c9\u529b\u6d88\u9664\u7684\u985e\u578b\u3002<\/p>\n<ul>\n<li>\u9069\u7528\u65bc\u6a5f\u5668\u4eba\u61c9\u7528\u548c\u8655\u7406\u88dd\u7f6e<\/li>\n<li>\u5feb\u901f\u7c21\u6613\u7684\u7d44\u88dd\u8207\u62c6\u5378<\/li>\n<\/ul>","protected":false},"excerpt":{"rendered":"<p>Kugelendgelenke kommen \u00fcberall dort zum Einsatz, wo Leitungen oder\u00a0Medienschl\u00e4uche aus dem Kabelschutzschlauch austreten.\u00a0Es sind Typen mit integrierter oder optionaler Zugentlastung verf\u00fcgbar. F\u00fcr Roboteranwendungen und Handhabungsger\u00e4te Schnelle, einfache Montage und Demontage<\/p>","protected":false},"featured_media":4644,"template":"","meta":[],"product_cat":[35,24],"product_tag":[70],"class_list":{"0":"post-4643","1":"product","2":"type-product","3":"status-publish","4":"has-post-thumbnail","6":"product_cat-kugelendgelenk","7":"product_cat-zubehoer","8":"product_tag-kugelendgelenk","10":"first","11":"instock","12":"shipping-taxable","13":"purchasable","14":"product-type-variable"},"_links":{"self":[{"href":"https:\/\/robotic-solutions.de\/zh\/wp-json\/wp\/v2\/product\/4643","targetHints":{"allow":["GET"]}}],"collection":[{"href":"https:\/\/robotic-solutions.de\/zh\/wp-json\/wp\/v2\/product"}],"about":[{"href":"https:\/\/robotic-solutions.de\/zh\/wp-json\/wp\/v2\/types\/product"}],"wp:featuredmedia":[{"embeddable":true,"href":"https:\/\/robotic-solutions.de\/zh\/wp-json\/wp\/v2\/media\/4644"}],"wp:attachment":[{"href":"https:\/\/robotic-solutions.de\/zh\/wp-json\/wp\/v2\/media?parent=4643"}],"wp:term":[{"taxonomy":"product_cat","embeddable":true,"href":"https:\/\/robotic-solutions.de\/zh\/wp-json\/wp\/v2\/product_cat?post=4643"},{"taxonomy":"product_tag","embeddable":true,"href":"https:\/\/robotic-solutions.de\/zh\/wp-json\/wp\/v2\/product_tag?post=4643"}],"curies":[{"name":"wp","href":"https:\/\/api.w.org\/{rel}","templated":true}]}}