{"id":4627,"date":"2023-01-05T13:13:00","date_gmt":"2023-01-05T13:13:00","guid":{"rendered":"https:\/\/robotic-solutions.de\/?post_type=product&#038;p=4627"},"modified":"2023-01-05T13:42:57","modified_gmt":"2023-01-05T13:42:57","slug":"kugelmittelgelenk","status":"publish","type":"product","link":"https:\/\/robotic-solutions.de\/zh\/product\/kugelmittelgelenk\/","title":{"rendered":"Kugelmittelgelenk"},"content":{"rendered":"<p class=\"translation-block\">Kugelmittelgelenke erm\u00f6glichen den dynamischen Einsatz mit hoher<span class=\"Apple-converted-space\">&nbsp;<\/span>Beweglichkeit des Schlauchpakets am Befestigungspunkt genauso wie<span class=\"Apple-converted-space\">&nbsp;<\/span>eine starre Anwendung mit sicher gef\u00fchrten Leitungen und Schl\u00e4uchen.<\/p>\n<ul>\n<li>\u9069\u7528\u65bc\u6a5f\u5668\u4eba\u61c9\u7528\u548c\u8655\u7406\u88dd\u7f6e<\/li>\n<li>\u5feb\u901f\u7c21\u6613\u7684\u7d44\u88dd\u8207\u62c6\u5378<\/li>\n<\/ul>","protected":false},"excerpt":{"rendered":"<p>Kugelmittelgelenke erm\u00f6glichen den dynamischen Einsatz mit hoher\u00a0Beweglichkeit des Schlauchpakets am Befestigungspunkt genauso wie\u00a0eine starre Anwendung mit sicher gef\u00fchrten Leitungen und Schl\u00e4uchen. F\u00fcr Roboteranwendungen und Handhabungsger\u00e4te Schnelle, einfache Montage und Demontage<\/p>","protected":false},"featured_media":4636,"template":"","meta":[],"product_cat":[34,24],"product_tag":[69],"class_list":{"0":"post-4627","1":"product","2":"type-product","3":"status-publish","4":"has-post-thumbnail","6":"product_cat-kugelmittelgelenk","7":"product_cat-zubehoer","8":"product_tag-kugelmittelgelenk","10":"first","11":"instock","12":"shipping-taxable","13":"purchasable","14":"product-type-variable"},"_links":{"self":[{"href":"https:\/\/robotic-solutions.de\/zh\/wp-json\/wp\/v2\/product\/4627","targetHints":{"allow":["GET"]}}],"collection":[{"href":"https:\/\/robotic-solutions.de\/zh\/wp-json\/wp\/v2\/product"}],"about":[{"href":"https:\/\/robotic-solutions.de\/zh\/wp-json\/wp\/v2\/types\/product"}],"wp:featuredmedia":[{"embeddable":true,"href":"https:\/\/robotic-solutions.de\/zh\/wp-json\/wp\/v2\/media\/4636"}],"wp:attachment":[{"href":"https:\/\/robotic-solutions.de\/zh\/wp-json\/wp\/v2\/media?parent=4627"}],"wp:term":[{"taxonomy":"product_cat","embeddable":true,"href":"https:\/\/robotic-solutions.de\/zh\/wp-json\/wp\/v2\/product_cat?post=4627"},{"taxonomy":"product_tag","embeddable":true,"href":"https:\/\/robotic-solutions.de\/zh\/wp-json\/wp\/v2\/product_tag?post=4627"}],"curies":[{"name":"wp","href":"https:\/\/api.w.org\/{rel}","templated":true}]}}