{"id":4489,"date":"2023-01-04T14:28:21","date_gmt":"2023-01-04T14:28:21","guid":{"rendered":"https:\/\/robotic-solutions.de\/?post_type=product&#038;p=4489"},"modified":"2023-01-04T15:07:19","modified_gmt":"2023-01-04T15:07:19","slug":"systemhalter-nw-70","status":"publish","type":"product","link":"https:\/\/robotic-solutions.de\/zh\/product\/systemhalter-nw-70\/","title":{"rendered":"\u7cfb\u7edf\u652f\u67b6 NW 70"},"content":{"rendered":"<p class=\"translation-block\">SHK 70 \u7cfb\u7d71\u56fa\u5b9a\u5668\u7684\u7d44\u5408\u7bc4\u4f8b\uff0c\u7528\u65bc\u5b89\u88dd\u516c\u7a31\u76f4\u5f91\u70ba 70 \u7684\u8edf\u7ba1\u5305\u3002 \u8207\u7cfb\u7d71\u56fa\u5b9a\u5668\u7684\u5404\u7a2e\u7d44\u5408\u9078\u9805\uff0c\u53ef\u70ba\u61c9\u7528\u627e\u5230\u7406\u60f3\u7684\u89e3\u6c7a\u65b9\u6848\u3002<\/p>\n<p>&nbsp;<\/p>\n<p><em>\u793a\u610f\u5716\uff0c\u500b\u5225\u96f6\u4ef6\u7684\u7d30\u7bc0\u53ef\u80fd\u6709\u6240\u4e0d\u540c\u3002<\/em><\/p>","protected":false},"excerpt":{"rendered":"<p>Kombinationsbeispiele des Systemhalters SHK 70 zur Montage von Schlauchpaketen der Nennweite 70. Die unterschiedlichen Kombinationsm\u00f6glichkeiten mit dem\u00a0Systemhalter erm\u00f6glichen es, die ideale L\u00f6sung f\u00fcr die Anwendung\u00a0zu finden. &nbsp; Darstellung schematisch, Einzelteile k\u00f6nnen im Detail abweichen.<\/p>","protected":false},"featured_media":4499,"template":"","meta":[],"product_cat":[28,32,24,36],"product_tag":[78,81,62,79,80],"class_list":{"0":"post-4489","1":"product","2":"type-product","3":"status-publish","4":"has-post-thumbnail","6":"product_cat-nw-70","7":"product_cat-systemhalter","8":"product_cat-zubehoer","9":"product_cat-zugentlastung","10":"product_tag-drehlager-mit-zwischenplatte","11":"product_tag-gelenkstueck","12":"product_tag-systemhalter-nw-70","13":"product_tag-zugentlastung","14":"product_tag-zugentlastung-mit-rohling","16":"first","17":"instock","18":"shipping-taxable","19":"purchasable","20":"product-type-variable"},"_links":{"self":[{"href":"https:\/\/robotic-solutions.de\/zh\/wp-json\/wp\/v2\/product\/4489","targetHints":{"allow":["GET"]}}],"collection":[{"href":"https:\/\/robotic-solutions.de\/zh\/wp-json\/wp\/v2\/product"}],"about":[{"href":"https:\/\/robotic-solutions.de\/zh\/wp-json\/wp\/v2\/types\/product"}],"wp:featuredmedia":[{"embeddable":true,"href":"https:\/\/robotic-solutions.de\/zh\/wp-json\/wp\/v2\/media\/4499"}],"wp:attachment":[{"href":"https:\/\/robotic-solutions.de\/zh\/wp-json\/wp\/v2\/media?parent=4489"}],"wp:term":[{"taxonomy":"product_cat","embeddable":true,"href":"https:\/\/robotic-solutions.de\/zh\/wp-json\/wp\/v2\/product_cat?post=4489"},{"taxonomy":"product_tag","embeddable":true,"href":"https:\/\/robotic-solutions.de\/zh\/wp-json\/wp\/v2\/product_tag?post=4489"}],"curies":[{"name":"wp","href":"https:\/\/api.w.org\/{rel}","templated":true}]}}