{"id":4338,"date":"2023-01-02T10:15:45","date_gmt":"2023-01-02T10:15:45","guid":{"rendered":"https:\/\/robotic-solutions.de\/?post_type=product&#038;p=4338"},"modified":"2023-06-16T14:35:24","modified_gmt":"2023-06-16T13:35:24","slug":"protektor-nw-70","status":"publish","type":"product","link":"https:\/\/robotic-solutions.de\/zh\/product\/protektor-nw-70\/","title":{"rendered":"\u4fdd\u62a4\u8005NW 70"},"content":{"rendered":"<p>NW 70\u4fdd\u62a4\u5668\u9002\u7528\u4e8e\u6c7d\u8f66\u5de5\u4e1a\u4e2d\u4f7f\u7528\u7684\u6240\u6709\u5c3a\u5bf8\u4e3aNW 70\u7684\u5e38\u89c1\u6ce2\u7eb9\u7ba1\u7c7b\u578b\u3002<\/p>\n<p>&nbsp;<\/p>\n<p class=\"translation-block\"><strong>Besonderheit<\/strong>: Reparaturprotektor \u2013 der Protektor kann zur Reparatur von 2 Wellrohren der NW 70 von verschiedenen Herstellern verwendet werden.<\/p>\n<p>Erh\u00e4ltlich in 3 Farben.<\/p>","protected":false},"excerpt":{"rendered":"<p>Der Protektor NW 70 passt auf alle g\u00e4ngigen Wellrohrtypen der Gr\u00f6\u00dfe NW 70, die in der Automobilindustrie eingesetzt werden. &nbsp; Besonderheit: Reparaturprotektor \u2013 der Protektor kann zur Reparatur von 2 Wellrohren der NW 70 von verschiedenen Herstellern verwendet werden. Erh\u00e4ltlich in 3 Farben.<\/p>","protected":false},"featured_media":4345,"template":"","meta":[],"product_cat":[28,33],"product_tag":[66],"class_list":{"0":"post-4338","1":"product","2":"type-product","3":"status-publish","4":"has-post-thumbnail","6":"product_cat-nw-70","7":"product_cat-protektor","8":"product_tag-protektor-nw-70","10":"first","11":"instock","12":"shipping-taxable","13":"purchasable","14":"product-type-variable"},"_links":{"self":[{"href":"https:\/\/robotic-solutions.de\/zh\/wp-json\/wp\/v2\/product\/4338","targetHints":{"allow":["GET"]}}],"collection":[{"href":"https:\/\/robotic-solutions.de\/zh\/wp-json\/wp\/v2\/product"}],"about":[{"href":"https:\/\/robotic-solutions.de\/zh\/wp-json\/wp\/v2\/types\/product"}],"wp:featuredmedia":[{"embeddable":true,"href":"https:\/\/robotic-solutions.de\/zh\/wp-json\/wp\/v2\/media\/4345"}],"wp:attachment":[{"href":"https:\/\/robotic-solutions.de\/zh\/wp-json\/wp\/v2\/media?parent=4338"}],"wp:term":[{"taxonomy":"product_cat","embeddable":true,"href":"https:\/\/robotic-solutions.de\/zh\/wp-json\/wp\/v2\/product_cat?post=4338"},{"taxonomy":"product_tag","embeddable":true,"href":"https:\/\/robotic-solutions.de\/zh\/wp-json\/wp\/v2\/product_tag?post=4338"}],"curies":[{"name":"wp","href":"https:\/\/api.w.org\/{rel}","templated":true}]}}