{"id":4336,"date":"2023-01-02T10:04:11","date_gmt":"2023-01-02T10:04:11","guid":{"rendered":"https:\/\/robotic-solutions.de\/?post_type=product&#038;p=4336"},"modified":"2023-06-16T14:36:11","modified_gmt":"2023-06-16T13:36:11","slug":"kugelgelenk-nw-70","status":"publish","type":"product","link":"https:\/\/robotic-solutions.de\/zh\/product\/kugelgelenk-nw-70\/","title":{"rendered":"\u7403\u5f62\u63a5\u5934NW 70"},"content":{"rendered":"<p>\u8be5\u7403\u5f62\u63a5\u5934\u4e0e\u5404\u5382\u5bb6\u7684NW 70\u7684\u5176\u4ed6\u666e\u901a\u7cfb\u7edf\u652f\u67b6\u548cNW 70\u7684\u6240\u6709\u666e\u901a\u6ce2\u7eb9\u7ba1\u7c7b\u578b\u517c\u5bb9\u3002<\/p>\n<p>&nbsp;<\/p>\n<p><strong>\u7279\u70b9\uff1a<\/strong> Das Kugelgelenk hat einen besonders gro\u00dfen Drehwinkel bis zu 26\u00b0.<\/p>\n<p>&nbsp;<\/p>\n<p><strong>\u989c\u8272<\/strong>: schwarz<br \/>\n<strong>\u6750\u6599<\/strong>: PA<br \/>\n<strong>Verpackungseinheit (VPE)<\/strong>: 5 St\u00fcck<\/p>","protected":false},"excerpt":{"rendered":"<p>Das Kugelgelenk ist kompatibel mit anderen g\u00e4ngigen Systemhaltern der NW 70 von verschiedenen Herstellern und alle g\u00e4ngigen Wellrohr Typen der NW 70. &nbsp; Besonderheit: Das Kugelgelenk hat einen besonders gro\u00dfen Drehwinkel bis zu 26\u00b0. &nbsp; Farbe: schwarz Material: PA Verpackungseinheit (VPE): 5 St\u00fcck<\/p>","protected":false},"featured_media":4337,"template":"","meta":[],"product_brand":[],"product_cat":[64],"product_tag":[65],"class_list":{"0":"post-4336","1":"product","2":"type-product","3":"status-publish","4":"has-post-thumbnail","6":"product_cat-kugelgelenk","7":"product_tag-kugelgelenk-nw-70","9":"first","10":"instock","11":"shipping-taxable","12":"purchasable","13":"product-type-simple"},"_links":{"self":[{"href":"https:\/\/robotic-solutions.de\/zh\/wp-json\/wp\/v2\/product\/4336","targetHints":{"allow":["GET"]}}],"collection":[{"href":"https:\/\/robotic-solutions.de\/zh\/wp-json\/wp\/v2\/product"}],"about":[{"href":"https:\/\/robotic-solutions.de\/zh\/wp-json\/wp\/v2\/types\/product"}],"wp:featuredmedia":[{"embeddable":true,"href":"https:\/\/robotic-solutions.de\/zh\/wp-json\/wp\/v2\/media\/4337"}],"wp:attachment":[{"href":"https:\/\/robotic-solutions.de\/zh\/wp-json\/wp\/v2\/media?parent=4336"}],"wp:term":[{"taxonomy":"product_brand","embeddable":true,"href":"https:\/\/robotic-solutions.de\/zh\/wp-json\/wp\/v2\/product_brand?post=4336"},{"taxonomy":"product_cat","embeddable":true,"href":"https:\/\/robotic-solutions.de\/zh\/wp-json\/wp\/v2\/product_cat?post=4336"},{"taxonomy":"product_tag","embeddable":true,"href":"https:\/\/robotic-solutions.de\/zh\/wp-json\/wp\/v2\/product_tag?post=4336"}],"curies":[{"name":"wp","href":"https:\/\/api.w.org\/{rel}","templated":true}]}}