{"id":4315,"date":"2023-01-02T09:24:13","date_gmt":"2023-01-02T09:24:13","guid":{"rendered":"https:\/\/robotic-solutions.de\/?post_type=product&#038;p=4315"},"modified":"2023-01-02T09:27:55","modified_gmt":"2023-01-02T09:27:55","slug":"systemhalter-nw-48-52","status":"publish","type":"product","link":"https:\/\/robotic-solutions.de\/zh\/product\/systemhalter-nw-48-52\/","title":{"rendered":"Systemhalter NW 48\/52"},"content":{"rendered":"<p>\u8be5\u7cfb\u7edf\u652f\u67b6\u662f\u6a21\u5757\u5316\u8f6f\u7ba1\u652f\u67b6\u7cfb\u7edf\u7684\u6838\u5fc3\u90e8\u5206\u3002\u8be5\u7cfb\u7edf\u652f\u67b6\u4e0e\u5176\u4ed6\u5e38\u89c1\u7684\u63a5\u5934\u4ef6\u548c\u5404\u5382\u5bb6\u751f\u4ea7\u7684NW 48\u548c52\u7684\u534a\u58f3\u517c\u5bb9\u3002<\/p>\n<p>&nbsp;<\/p>\n<p>Der Systemhalter ist in der Automatisie-rungs,- und in der Roboterausr\u00fcstungs-technik anwendbar. F\u00fcr den dynamischen Einsatz mit hoher Beweglichkeit des Schlauchpaketes am Befestigungspunkt genauso wie f\u00fcr eine starre Anwendung mit sicher gef\u00fchrten Leitungen und Schl\u00e4uchen, mit oder ohne Zugentlastung. Das gesamte System bietet h\u00f6chste Leistungen in Hinsicht auf Stabilit\u00e4t und Dauerhaltbarkeit.<\/p>","protected":false},"excerpt":{"rendered":"<p>Der Systemhalter ist das Kernst\u00fcck eines modularen Schlauchhaltersystems. Der Systemhalter ist kompatibel mit anderen g\u00e4ngigen Gelenkst\u00fccken und Halbschalen der NW 48 und 52 von verschiedenen Herstellern. &nbsp; Der Systemhalter ist in der Automatisie-rungs,- und in der Roboterausr\u00fcstungs-technik anwendbar. F\u00fcr den dynamischen Einsatz mit hoher Beweglichkeit des Schlauchpaketes am Befestigungspunkt genauso wie f\u00fcr eine starre Anwendung [&hellip;]<\/p>\n","protected":false},"featured_media":4322,"template":"","meta":[],"product_cat":[32],"product_tag":[58,59,57],"class_list":{"0":"post-4315","1":"product","2":"type-product","3":"status-publish","4":"has-post-thumbnail","6":"product_cat-systemhalter","7":"product_tag-kombischelle-halbschale-nw-48","8":"product_tag-kombischelle-halbschale-nw-52","9":"product_tag-systemhalter-nw-48-52","11":"first","12":"instock","13":"shipping-taxable","14":"purchasable","15":"product-type-variable"},"_links":{"self":[{"href":"https:\/\/robotic-solutions.de\/zh\/wp-json\/wp\/v2\/product\/4315","targetHints":{"allow":["GET"]}}],"collection":[{"href":"https:\/\/robotic-solutions.de\/zh\/wp-json\/wp\/v2\/product"}],"about":[{"href":"https:\/\/robotic-solutions.de\/zh\/wp-json\/wp\/v2\/types\/product"}],"wp:featuredmedia":[{"embeddable":true,"href":"https:\/\/robotic-solutions.de\/zh\/wp-json\/wp\/v2\/media\/4322"}],"wp:attachment":[{"href":"https:\/\/robotic-solutions.de\/zh\/wp-json\/wp\/v2\/media?parent=4315"}],"wp:term":[{"taxonomy":"product_cat","embeddable":true,"href":"https:\/\/robotic-solutions.de\/zh\/wp-json\/wp\/v2\/product_cat?post=4315"},{"taxonomy":"product_tag","embeddable":true,"href":"https:\/\/robotic-solutions.de\/zh\/wp-json\/wp\/v2\/product_tag?post=4315"}],"curies":[{"name":"wp","href":"https:\/\/api.w.org\/{rel}","templated":true}]}}