{"id":32,"date":"2021-09-24T14:40:52","date_gmt":"2021-09-24T14:40:52","guid":{"rendered":"https:\/\/robotic-solutions.de\/?page_id=32"},"modified":"2023-09-19T13:01:04","modified_gmt":"2023-09-19T12:01:04","slug":"service","status":"publish","type":"page","link":"https:\/\/robotic-solutions.de\/zh\/service\/","title":{"rendered":"\u670d\u52a1"},"content":{"rendered":"<div data-elementor-type=\"wp-page\" data-elementor-id=\"32\" class=\"elementor elementor-32\" data-elementor-post-type=\"page\">\n\t\t\t\t\t\t<section class=\"elementor-section elementor-top-section elementor-element elementor-element-eeb38f8 elementor-section-height-min-height elementor-section-items-stretch elementor-section-boxed elementor-section-height-default\" data-id=\"eeb38f8\" data-element_type=\"section\" data-e-type=\"section\" data-settings=\"{&quot;background_background&quot;:&quot;classic&quot;}\">\n\t\t\t\t\t\t\t<div class=\"elementor-background-overlay\"><\/div>\n\t\t\t\t\t\t\t<div class=\"elementor-container elementor-column-gap-default\">\n\t\t\t\t\t<div class=\"elementor-column elementor-col-100 elementor-top-column elementor-element elementor-element-2d19113\" data-id=\"2d19113\" data-element_type=\"column\" data-e-type=\"column\">\n\t\t\t<div class=\"elementor-widget-wrap elementor-element-populated\">\n\t\t\t\t\t\t<section class=\"elementor-section elementor-inner-section elementor-element elementor-element-04a5f00 elementor-section-full_width elementor-section-height-default elementor-section-height-default\" data-id=\"04a5f00\" data-element_type=\"section\" data-e-type=\"section\">\n\t\t\t\t\t\t<div class=\"elementor-container elementor-column-gap-default\">\n\t\t\t\t\t<div class=\"elementor-column elementor-col-50 elementor-inner-column elementor-element elementor-element-3e96667\" data-id=\"3e96667\" data-element_type=\"column\" data-e-type=\"column\">\n\t\t\t<div class=\"elementor-widget-wrap elementor-element-populated\">\n\t\t\t\t\t\t<div class=\"elementor-element elementor-element-be9b485 elementor-widget elementor-widget-text-editor\" data-id=\"be9b485\" data-element_type=\"widget\" data-e-type=\"widget\" data-widget_type=\"text-editor.default\">\n\t\t\t\t<div class=\"elementor-widget-container\">\n\t\t\t\t\t\t\t\t\t<p>\u670d\u52a1<\/p>\t\t\t\t\t\t\t\t<\/div>\n\t\t\t\t<\/div>\n\t\t\t\t<div class=\"elementor-element elementor-element-41cd6ae elementor-widget elementor-widget-heading\" data-id=\"41cd6ae\" data-element_type=\"widget\" data-e-type=\"widget\" data-settings=\"{&quot;_animation&quot;:&quot;none&quot;}\" data-widget_type=\"heading.default\">\n\t\t\t\t<div class=\"elementor-widget-container\">\n\t\t\t\t\t<h1 class=\"elementor-heading-title elementor-size-default\">\u6211\u4eec\u4e3a\u60a8\u63d0\u4f9b\u7684\u670d\u52a1<\/h1>\t\t\t\t<\/div>\n\t\t\t\t<\/div>\n\t\t\t\t\t<\/div>\n\t\t<\/div>\n\t\t\t\t<div class=\"elementor-column elementor-col-50 elementor-inner-column elementor-element elementor-element-d09192e elementor-hidden-mobile\" data-id=\"d09192e\" data-element_type=\"column\" data-e-type=\"column\">\n\t\t\t<div class=\"elementor-widget-wrap\">\n\t\t\t\t\t\t\t<\/div>\n\t\t<\/div>\n\t\t\t\t\t<\/div>\n\t\t<\/section>\n\t\t\t\t\t<\/div>\n\t\t<\/div>\n\t\t\t\t\t<\/div>\n\t\t<\/section>\n\t\t\t\t<section class=\"elementor-section elementor-top-section elementor-element elementor-element-5f7ab48 elementor-section-full_width elementor-reverse-mobile elementor-section-height-default elementor-section-height-default\" data-id=\"5f7ab48\" data-element_type=\"section\" data-e-type=\"section\" data-settings=\"{&quot;background_background&quot;:&quot;slideshow&quot;,&quot;background_slideshow_gallery&quot;:[],&quot;background_slideshow_loop&quot;:&quot;yes&quot;,&quot;background_slideshow_slide_duration&quot;:5000,&quot;background_slideshow_slide_transition&quot;:&quot;fade&quot;,&quot;background_slideshow_transition_duration&quot;:500}\">\n\t\t\t\t\t\t\t<div class=\"elementor-background-overlay\"><\/div>\n\t\t\t\t\t\t\t<div class=\"elementor-container elementor-column-gap-default\">\n\t\t\t\t\t<div class=\"elementor-column elementor-col-50 elementor-top-column elementor-element elementor-element-abc478e animated-slow elementor-invisible\" data-id=\"abc478e\" data-element_type=\"column\" data-e-type=\"column\" data-settings=\"{&quot;background_background&quot;:&quot;classic&quot;,&quot;animation&quot;:&quot;fadeIn&quot;,&quot;animation_delay&quot;:300,&quot;animation_mobile&quot;:&quot;none&quot;}\">\n\t\t\t<div class=\"elementor-widget-wrap elementor-element-populated\">\n\t\t\t\t\t<div class=\"elementor-background-overlay\"><\/div>\n\t\t\t\t\t\t<div class=\"elementor-element elementor-element-893379b animated-slow elementor-invisible elementor-widget elementor-widget-image\" data-id=\"893379b\" data-element_type=\"widget\" data-e-type=\"widget\" data-settings=\"{&quot;_animation&quot;:&quot;fadeInLeft&quot;,&quot;_animation_delay&quot;:600}\" data-widget_type=\"image.default\">\n\t\t\t\t<div class=\"elementor-widget-container\">\n\t\t\t\t\t\t\t\t\t\t\t\t\t\t\t<img decoding=\"async\" width=\"100\" height=\"27\" src=\"https:\/\/robotic-solutions.de\/wp-content\/uploads\/2023\/09\/logo-rot-schwarz.svg\" class=\"attachment-medium size-medium wp-image-6092\" alt=\"robotics solutions Logo\" \/>\t\t\t\t\t\t\t\t\t\t\t\t\t\t\t<\/div>\n\t\t\t\t<\/div>\n\t\t\t\t\t<\/div>\n\t\t<\/div>\n\t\t\t\t<div class=\"elementor-column elementor-col-50 elementor-top-column elementor-element elementor-element-6708769\" data-id=\"6708769\" data-element_type=\"column\" data-e-type=\"column\" data-settings=\"{&quot;background_background&quot;:&quot;classic&quot;}\">\n\t\t\t<div class=\"elementor-widget-wrap elementor-element-populated\">\n\t\t\t\t\t<div class=\"elementor-background-overlay\"><\/div>\n\t\t\t\t\t\t<div class=\"elementor-element elementor-element-461d215 elementor-widget elementor-widget-heading\" data-id=\"461d215\" data-element_type=\"widget\" data-e-type=\"widget\" data-settings=\"{&quot;_animation_mobile&quot;:&quot;none&quot;}\" data-widget_type=\"heading.default\">\n\t\t\t\t<div class=\"elementor-widget-container\">\n\t\t\t\t\t<h2 class=\"elementor-heading-title elementor-size-default\">\u5de5\u7a0b\u5b66<\/h2>\t\t\t\t<\/div>\n\t\t\t\t<\/div>\n\t\t\t\t<div class=\"elementor-element elementor-element-c6b5dcd elementor-widget elementor-widget-text-editor\" data-id=\"c6b5dcd\" data-element_type=\"widget\" data-e-type=\"widget\" data-settings=\"{&quot;_animation_mobile&quot;:&quot;none&quot;}\" data-widget_type=\"text-editor.default\">\n\t\t\t\t<div class=\"elementor-widget-container\">\n\t\t\t\t\t\t\t\t\t<p>\u673a\u5668\u4eba\u89e3\u51b3\u65b9\u6848\u6709\u9650\u516c\u53f8\u4e0d\u4ec5\u63d0\u4f9b\u673a\u5668\u4eba\u7684\u5355\u4e2a\u90e8\u4ef6\u3002\u4ece\u5206\u6790\u5230\u539f\u578b\u8bbe\u8ba1\uff0c\u6211\u4eec\u8bbe\u8ba1\u5b8c\u6574\u7684\u673a\u5668\u4eba\u7cfb\u7edf\uff0c\u5e76\u5c06\u5176\u6574\u5408\u5230\u73b0\u6709\u5de5\u5382\u3002\u6211\u4eec\u662f\u60a8\u5728\u673a\u5668\u4eba\u548c\u81ea\u52a8\u5316\u6280\u672f\u65b9\u9762\u5b9a\u5236\u89e3\u51b3\u65b9\u6848\u7684\u5408\u4f5c\u4f19\u4f34\u3002<\/p>\t\t\t\t\t\t\t\t<\/div>\n\t\t\t\t<\/div>\n\t\t\t\t<div class=\"elementor-element elementor-element-6aa5884 elementor-widget elementor-widget-spacer\" data-id=\"6aa5884\" data-element_type=\"widget\" data-e-type=\"widget\" data-widget_type=\"spacer.default\">\n\t\t\t\t<div class=\"elementor-widget-container\">\n\t\t\t\t\t\t\t<div class=\"elementor-spacer\">\n\t\t\t<div class=\"elementor-spacer-inner\"><\/div>\n\t\t<\/div>\n\t\t\t\t\t\t<\/div>\n\t\t\t\t<\/div>\n\t\t\t\t<div class=\"elementor-element elementor-element-74c7a8c elementor-widget elementor-widget-heading\" data-id=\"74c7a8c\" data-element_type=\"widget\" data-e-type=\"widget\" data-settings=\"{&quot;_animation_mobile&quot;:&quot;none&quot;}\" data-widget_type=\"heading.default\">\n\t\t\t\t<div class=\"elementor-widget-container\">\n\t\t\t\t\t<h2 class=\"elementor-heading-title elementor-size-default\">\u5b89\u88c5\u548c\u88c5\u914d<\/h2>\t\t\t\t<\/div>\n\t\t\t\t<\/div>\n\t\t\t\t<div class=\"elementor-element elementor-element-e6ea3b7 elementor-widget elementor-widget-text-editor\" data-id=\"e6ea3b7\" data-element_type=\"widget\" data-e-type=\"widget\" data-settings=\"{&quot;_animation_mobile&quot;:&quot;none&quot;}\" data-widget_type=\"text-editor.default\">\n\t\t\t\t<div class=\"elementor-widget-container\">\n\t\t\t\t\t\t\t\t\t<p>\u4e3a\u4e86\u907f\u514d\u751f\u4ea7\u505c\u987f\uff0c\u5982\u679c\u9700\u8981\uff0c\u6211\u4eec\u7ecf\u9a8c\u4e30\u5bcc\u7684\u88c5\u914d\u4eba\u5458\u8fd8\u53ef\u4ee5\u5728\u73b0\u573a\u8d1f\u8d23\u80fd\u6e90\u4f9b\u5e94\u7cfb\u7edf\u7684\u5b8c\u6574\u5b89\u88c5\u3001\u4f18\u5316\u548c\u9a8c\u6536\u3002<\/p>\t\t\t\t\t\t\t\t<\/div>\n\t\t\t\t<\/div>\n\t\t\t\t<div class=\"elementor-element elementor-element-5b6b243 elementor-widget elementor-widget-spacer\" data-id=\"5b6b243\" data-element_type=\"widget\" data-e-type=\"widget\" data-widget_type=\"spacer.default\">\n\t\t\t\t<div class=\"elementor-widget-container\">\n\t\t\t\t\t\t\t<div class=\"elementor-spacer\">\n\t\t\t<div class=\"elementor-spacer-inner\"><\/div>\n\t\t<\/div>\n\t\t\t\t\t\t<\/div>\n\t\t\t\t<\/div>\n\t\t\t\t<div class=\"elementor-element elementor-element-d0e0280 elementor-widget elementor-widget-heading\" data-id=\"d0e0280\" data-element_type=\"widget\" data-e-type=\"widget\" data-settings=\"{&quot;_animation_mobile&quot;:&quot;none&quot;}\" data-widget_type=\"heading.default\">\n\t\t\t\t<div class=\"elementor-widget-container\">\n\t\t\t\t\t<h2 class=\"elementor-heading-title elementor-size-default\">\u7ef4\u4fee\u548c\u4fdd\u517b<\/h2>\t\t\t\t<\/div>\n\t\t\t\t<\/div>\n\t\t\t\t<div class=\"elementor-element elementor-element-5652a5f elementor-widget elementor-widget-text-editor\" data-id=\"5652a5f\" data-element_type=\"widget\" data-e-type=\"widget\" data-settings=\"{&quot;_animation_mobile&quot;:&quot;none&quot;}\" data-widget_type=\"text-editor.default\">\n\t\t\t\t<div class=\"elementor-widget-container\">\n\t\t\t\t\t\t\t\t\t<p>\u4e3a\u4e86\u786e\u4fdd\u987a\u5229\u8fd0\u884c\uff0c\u6211\u4eec\u63d0\u4f9b\u5b9a\u671f\u7ef4\u62a4\u548c\u65e9\u671f\u7ef4\u4fee\uff0c\u4ece\u800c\u4f7f\u60a8\u7684\u7cfb\u7edf\u62e5\u6709\u8f83\u957f\u7684\u4f7f\u7528\u5bff\u547d\u3002\u673a\u5668\u4eba\u89e3\u51b3\u65b9\u6848\u6709\u9650\u516c\u53f8\u4e3a\u6b64\u4e3a\u60a8\u63d0\u4f9b\u7ef4\u62a4\u5408\u540c\u3002\u6709\u53ef\u80fd\u4e3a\u6709\u7f3a\u9677\u7684\u80fd\u6e90\u4f9b\u5e94\u7cfb\u7edf\u548c\u7535\u7f06\u63d0\u4f9b\u73b0\u573a\u7ef4\u4fee\u670d\u52a1\u3002<\/p>\t\t\t\t\t\t\t\t<\/div>\n\t\t\t\t<\/div>\n\t\t\t\t\t<\/div>\n\t\t<\/div>\n\t\t\t\t\t<\/div>\n\t\t<\/section>\n\t\t\t\t<section class=\"elementor-section elementor-top-section elementor-element elementor-element-8198b62 elementor-section-full_width elementor-section-height-default elementor-section-height-default\" data-id=\"8198b62\" data-element_type=\"section\" data-e-type=\"section\" data-settings=\"{&quot;background_background&quot;:&quot;classic&quot;}\">\n\t\t\t\t\t\t<div class=\"elementor-container elementor-column-gap-no\">\n\t\t\t\t\t<div class=\"elementor-column elementor-col-50 elementor-top-column elementor-element elementor-element-dd2897e\" data-id=\"dd2897e\" data-element_type=\"column\" data-e-type=\"column\" data-settings=\"{&quot;background_background&quot;:&quot;classic&quot;}\">\n\t\t\t<div class=\"elementor-widget-wrap elementor-element-populated\">\n\t\t\t\t\t\t<div class=\"elementor-element elementor-element-282135a elementor-widget elementor-widget-heading\" data-id=\"282135a\" data-element_type=\"widget\" data-e-type=\"widget\" data-settings=\"{&quot;_animation_mobile&quot;:&quot;none&quot;}\" data-widget_type=\"heading.default\">\n\t\t\t\t<div class=\"elementor-widget-container\">\n\t\t\t\t\t<h2 class=\"elementor-heading-title elementor-size-default\">\u7ef4\u4fee\u548c\u4fdd\u517b<\/h2>\t\t\t\t<\/div>\n\t\t\t\t<\/div>\n\t\t\t\t<div class=\"elementor-element elementor-element-025113b elementor-widget elementor-widget-text-editor\" data-id=\"025113b\" data-element_type=\"widget\" data-e-type=\"widget\" data-settings=\"{&quot;_animation_mobile&quot;:&quot;none&quot;}\" data-widget_type=\"text-editor.default\">\n\t\t\t\t<div class=\"elementor-widget-container\">\n\t\t\t\t\t\t\t\t\t<p>\u6839\u636e\u5ba2\u6237\u7684\u89c4\u683c\uff0c\u7ec4\u88c5\u5404\u79cd\u7c7b\u578b\u7684\u7535\u7f06\u548c\u7535\u7ebf\u3002\u5c4f\u853d\u548c\u975e\u5c4f\u853d\u7248\u672c\u7684\u7535\u7f06\u548c\u7535\u7ebf\u7684\u7ec4\u88c5\uff0c\u5e26\u7535\u6e90\u8fde\u63a5\u5668\uff0c\u7528\u4e8e\u5de5\u4e1a\u5e94\u7528\u3002\u5f53\u7136\uff0c\u8fd8\u6709\u5927\u91cf\u7684\u8fde\u63a5\u5668\u53ef\u4f9b\u9009\u62e9\u3002<\/p>\t\t\t\t\t\t\t\t<\/div>\n\t\t\t\t<\/div>\n\t\t\t\t<div class=\"elementor-element elementor-element-da25bb3 elementor-widget elementor-widget-heading\" data-id=\"da25bb3\" data-element_type=\"widget\" data-e-type=\"widget\" data-settings=\"{&quot;_animation_mobile&quot;:&quot;none&quot;}\" data-widget_type=\"heading.default\">\n\t\t\t\t<div class=\"elementor-widget-container\">\n\t\t\t\t\t<h3 class=\"elementor-heading-title elementor-size-default\">\u6211\u4eec\u7ec4\u88c5\u3002<\/h3>\t\t\t\t<\/div>\n\t\t\t\t<\/div>\n\t\t\t\t<div class=\"elementor-element elementor-element-7d14a91 elementor-mobile-align-center elementor-icon-list--layout-traditional elementor-list-item-link-full_width elementor-widget elementor-widget-icon-list\" data-id=\"7d14a91\" data-element_type=\"widget\" data-e-type=\"widget\" data-settings=\"{&quot;_animation_mobile&quot;:&quot;none&quot;}\" data-widget_type=\"icon-list.default\">\n\t\t\t\t<div class=\"elementor-widget-container\">\n\t\t\t\t\t\t\t<ul class=\"elementor-icon-list-items\">\n\t\t\t\t\t\t\t<li class=\"elementor-icon-list-item\">\n\t\t\t\t\t\t\t\t\t\t\t<span class=\"elementor-icon-list-icon\">\n\t\t\t\t\t\t\t<i aria-hidden=\"true\" class=\"fas fa-check\"><\/i>\t\t\t\t\t\t<\/span>\n\t\t\t\t\t\t\t\t\t\t<span class=\"elementor-icon-list-text\">\u4e3b\u8981\u7ebf\u8def<\/span>\n\t\t\t\t\t\t\t\t\t<\/li>\n\t\t\t\t\t\t\t\t<li class=\"elementor-icon-list-item\">\n\t\t\t\t\t\t\t\t\t\t\t<span class=\"elementor-icon-list-icon\">\n\t\t\t\t\t\t\t<i aria-hidden=\"true\" class=\"fas fa-check\"><\/i>\t\t\t\t\t\t<\/span>\n\t\t\t\t\t\t\t\t\t\t<span class=\"elementor-icon-list-text\">\u603b\u7ebf\u7535\u7f06<\/span>\n\t\t\t\t\t\t\t\t\t<\/li>\n\t\t\t\t\t\t\t\t<li class=\"elementor-icon-list-item\">\n\t\t\t\t\t\t\t\t\t\t\t<span class=\"elementor-icon-list-icon\">\n\t\t\t\t\t\t\t<i aria-hidden=\"true\" class=\"fas fa-check\"><\/i>\t\t\t\t\t\t<\/span>\n\t\t\t\t\t\t\t\t\t\t<span class=\"elementor-icon-list-text\">\u7535\u673a\u7535\u7f06<\/span>\n\t\t\t\t\t\t\t\t\t<\/li>\n\t\t\t\t\t\t\t\t<li class=\"elementor-icon-list-item\">\n\t\t\t\t\t\t\t\t\t\t\t<span class=\"elementor-icon-list-icon\">\n\t\t\t\t\t\t\t<i aria-hidden=\"true\" class=\"fas fa-check\"><\/i>\t\t\t\t\t\t<\/span>\n\t\t\t\t\t\t\t\t\t\t<span class=\"elementor-icon-list-text\">\u7535\u673a\u7535\u7f06<\/span>\n\t\t\t\t\t\t\t\t\t<\/li>\n\t\t\t\t\t\t<\/ul>\n\t\t\t\t\t\t<\/div>\n\t\t\t\t<\/div>\n\t\t\t\t\t<\/div>\n\t\t<\/div>\n\t\t\t\t<div class=\"elementor-column elementor-col-50 elementor-top-column elementor-element elementor-element-2d5bc0e\" data-id=\"2d5bc0e\" data-element_type=\"column\" data-e-type=\"column\" data-settings=\"{&quot;background_background&quot;:&quot;classic&quot;}\">\n\t\t\t<div class=\"elementor-widget-wrap elementor-element-populated\">\n\t\t\t\t\t<div class=\"elementor-background-overlay\"><\/div>\n\t\t\t\t\t\t<div class=\"elementor-element elementor-element-bf59a5e elementor-widget elementor-widget-spacer\" data-id=\"bf59a5e\" data-element_type=\"widget\" data-e-type=\"widget\" data-widget_type=\"spacer.default\">\n\t\t\t\t<div class=\"elementor-widget-container\">\n\t\t\t\t\t\t\t<div class=\"elementor-spacer\">\n\t\t\t<div class=\"elementor-spacer-inner\"><\/div>\n\t\t<\/div>\n\t\t\t\t\t\t<\/div>\n\t\t\t\t<\/div>\n\t\t\t\t\t<\/div>\n\t\t<\/div>\n\t\t\t\t\t<\/div>\n\t\t<\/section>\n\t\t\t\t<\/div>","protected":false},"excerpt":{"rendered":"<p>Service Unser Service f\u00fcr Sie Engineering robotic solutions GmbH liefert nicht nur Einzelkomponenten f\u00fcr Roboter. Von der Analyse bis hin zum Prototyping konzipieren wir komplette Robotersysteme und f\u00fcgen sie in bestehende Anlagen ein. Wir sind Ihr Partner f\u00fcr kundenspezifische L\u00f6sungen in der Roboter- und Automatisierungstechnik. Installation und Montage Um Produktionsausf\u00e4lle zu vermeiden, \u00fcbernehmen unsere erfahrenden [&hellip;]<\/p>\n","protected":false},"author":1,"featured_media":0,"parent":0,"menu_order":0,"comment_status":"closed","ping_status":"closed","template":"elementor_header_footer","meta":{"footnotes":""},"class_list":["post-32","page","type-page","status-publish","hentry"],"_links":{"self":[{"href":"https:\/\/robotic-solutions.de\/zh\/wp-json\/wp\/v2\/pages\/32","targetHints":{"allow":["GET"]}}],"collection":[{"href":"https:\/\/robotic-solutions.de\/zh\/wp-json\/wp\/v2\/pages"}],"about":[{"href":"https:\/\/robotic-solutions.de\/zh\/wp-json\/wp\/v2\/types\/page"}],"author":[{"embeddable":true,"href":"https:\/\/robotic-solutions.de\/zh\/wp-json\/wp\/v2\/users\/1"}],"replies":[{"embeddable":true,"href":"https:\/\/robotic-solutions.de\/zh\/wp-json\/wp\/v2\/comments?post=32"}],"version-history":[{"count":2,"href":"https:\/\/robotic-solutions.de\/zh\/wp-json\/wp\/v2\/pages\/32\/revisions"}],"predecessor-version":[{"id":6098,"href":"https:\/\/robotic-solutions.de\/zh\/wp-json\/wp\/v2\/pages\/32\/revisions\/6098"}],"wp:attachment":[{"href":"https:\/\/robotic-solutions.de\/zh\/wp-json\/wp\/v2\/media?parent=32"}],"curies":[{"name":"wp","href":"https:\/\/api.w.org\/{rel}","templated":true}]}}