{"id":253,"date":"2021-09-27T10:14:07","date_gmt":"2021-09-27T10:14:07","guid":{"rendered":"https:\/\/robotic-solutions.de\/?page_id=253"},"modified":"2023-05-02T08:04:17","modified_gmt":"2023-05-02T07:04:17","slug":"medienschlaeuche","status":"publish","type":"page","link":"https:\/\/robotic-solutions.de\/zh\/medienschlaeuche\/","title":{"rendered":"\u4ecb\u8d28\u8f6f\u7ba1"},"content":{"rendered":"<div data-elementor-type=\"wp-page\" data-elementor-id=\"253\" class=\"elementor elementor-253\" data-elementor-post-type=\"page\">\n\t\t\t\t\t\t<section class=\"elementor-section elementor-top-section elementor-element elementor-element-2142ff7 elementor-section-items-stretch elementor-section-height-min-height elementor-section-boxed elementor-section-height-default\" data-id=\"2142ff7\" data-element_type=\"section\" data-settings=\"{&quot;background_background&quot;:&quot;classic&quot;}\">\n\t\t\t\t\t\t\t<div class=\"elementor-background-overlay\"><\/div>\n\t\t\t\t\t\t\t<div class=\"elementor-container elementor-column-gap-default\">\n\t\t\t\t\t<div class=\"elementor-column elementor-col-100 elementor-top-column elementor-element elementor-element-bc04bed\" data-id=\"bc04bed\" data-element_type=\"column\">\n\t\t\t<div class=\"elementor-widget-wrap elementor-element-populated\">\n\t\t\t\t\t\t<div class=\"elementor-element elementor-element-39415fc elementor-widget elementor-widget-heading\" data-id=\"39415fc\" data-element_type=\"widget\" data-widget_type=\"heading.default\">\n\t\t\t\t<div class=\"elementor-widget-container\">\n\t\t\t\t\t<h1 class=\"elementor-heading-title elementor-size-default\">\u4ecb\u8d28\u8f6f\u7ba1 <\/h1>\t\t\t\t<\/div>\n\t\t\t\t<\/div>\n\t\t\t\t<div class=\"elementor-element elementor-element-4e47714 elementor-widget elementor-widget-heading\" data-id=\"4e47714\" data-element_type=\"widget\" data-widget_type=\"heading.default\">\n\t\t\t\t<div class=\"elementor-widget-container\">\n\t\t\t\t\t<p class=\"elementor-heading-title elementor-size-default\">\u5e26\u9644\u4ef6 <\/p>\t\t\t\t<\/div>\n\t\t\t\t<\/div>\n\t\t\t\t\t<\/div>\n\t\t<\/div>\n\t\t\t\t\t<\/div>\n\t\t<\/section>\n\t\t\t\t<section class=\"elementor-section elementor-top-section elementor-element elementor-element-0ddbe8d elementor-section-boxed elementor-section-height-default elementor-section-height-default\" data-id=\"0ddbe8d\" data-element_type=\"section\" data-settings=\"{&quot;background_background&quot;:&quot;classic&quot;}\">\n\t\t\t\t\t\t\t<div class=\"elementor-background-overlay\"><\/div>\n\t\t\t\t\t\t\t<div class=\"elementor-container elementor-column-gap-default\">\n\t\t\t\t\t<div class=\"elementor-column elementor-col-50 elementor-top-column elementor-element elementor-element-467ef4c\" data-id=\"467ef4c\" data-element_type=\"column\" data-settings=\"{&quot;background_background&quot;:&quot;classic&quot;}\">\n\t\t\t<div class=\"elementor-widget-wrap elementor-element-populated\">\n\t\t\t\t\t\t<div class=\"elementor-element elementor-element-ae20cc2 elementor-widget elementor-widget-spacer\" data-id=\"ae20cc2\" data-element_type=\"widget\" data-widget_type=\"spacer.default\">\n\t\t\t\t<div class=\"elementor-widget-container\">\n\t\t\t\t\t\t\t<div class=\"elementor-spacer\">\n\t\t\t<div class=\"elementor-spacer-inner\"><\/div>\n\t\t<\/div>\n\t\t\t\t\t\t<\/div>\n\t\t\t\t<\/div>\n\t\t\t\t<section class=\"elementor-section elementor-inner-section elementor-element elementor-element-057c6ec elementor-section-boxed elementor-section-height-default elementor-section-height-default\" data-id=\"057c6ec\" data-element_type=\"section\">\n\t\t\t\t\t\t<div class=\"elementor-container elementor-column-gap-default\">\n\t\t\t\t\t<div class=\"elementor-column elementor-col-100 elementor-inner-column elementor-element elementor-element-7d04f52 elementor-invisible\" data-id=\"7d04f52\" data-element_type=\"column\" data-settings=\"{&quot;background_background&quot;:&quot;classic&quot;,&quot;animation&quot;:&quot;fadeInLeft&quot;,&quot;animation_mobile&quot;:&quot;none&quot;}\">\n\t\t\t<div class=\"elementor-widget-wrap elementor-element-populated\">\n\t\t\t\t\t\t<div class=\"elementor-element elementor-element-160c32d elementor-widget elementor-widget-heading\" data-id=\"160c32d\" data-element_type=\"widget\" data-settings=\"{&quot;_animation_mobile&quot;:&quot;none&quot;}\" data-widget_type=\"heading.default\">\n\t\t\t\t<div class=\"elementor-widget-container\">\n\t\t\t\t\t<h2 class=\"elementor-heading-title elementor-size-default\">\u4ecb\u8d28\u8f6f\u7ba1<\/h2>\t\t\t\t<\/div>\n\t\t\t\t<\/div>\n\t\t\t\t<div class=\"elementor-element elementor-element-9a2bea0 elementor-widget elementor-widget-text-editor\" data-id=\"9a2bea0\" data-element_type=\"widget\" data-settings=\"{&quot;_animation_mobile&quot;:&quot;none&quot;}\" data-widget_type=\"text-editor.default\">\n\t\t\t\t<div class=\"elementor-widget-container\">\n\t\t\t\t\t\t\t\t\t<p>Unsere Medienschl\u00e4uche sind verst\u00e4rkte, zweilagige und selbstklemmende Polyurethanschl\u00e4uche fu\u0308r industrielle Anwendungen.<\/p><p>Diese Schl\u00e4uche sind speziell fu\u0308r die Ausru\u0308stung von Robotern und Maschinenbauteilen konzipiert. Sie eignen sich besonders als \u00dcbertragungsmedium fu\u0308r Wasser, Luft und verschiedene Gase.<\/p>\t\t\t\t\t\t\t\t<\/div>\n\t\t\t\t<\/div>\n\t\t\t\t<div class=\"elementor-element elementor-element-405c2c5 elementor-tablet-align-center elementor-mobile-align-left elementor-icon-list--layout-traditional elementor-list-item-link-full_width elementor-widget elementor-widget-icon-list\" data-id=\"405c2c5\" data-element_type=\"widget\" data-settings=\"{&quot;_animation_mobile&quot;:&quot;none&quot;}\" data-widget_type=\"icon-list.default\">\n\t\t\t\t<div class=\"elementor-widget-container\">\n\t\t\t\t\t\t\t<ul class=\"elementor-icon-list-items\">\n\t\t\t\t\t\t\t<li class=\"elementor-icon-list-item\">\n\t\t\t\t\t\t\t\t\t\t\t<span class=\"elementor-icon-list-icon\">\n\t\t\t\t\t\t\t<i aria-hidden=\"true\" class=\"fas fa-check\"><\/i>\t\t\t\t\t\t<\/span>\n\t\t\t\t\t\t\t\t\t\t<span class=\"elementor-icon-list-text\">\u4e0d\u542b\u6d82\u6599\u6da6\u6e7f\u6027\u635f\u5bb3\u7269\u8d28<\/span>\n\t\t\t\t\t\t\t\t\t<\/li>\n\t\t\t\t\t\t\t\t<li class=\"elementor-icon-list-item\">\n\t\t\t\t\t\t\t\t\t\t\t<span class=\"elementor-icon-list-icon\">\n\t\t\t\t\t\t\t<i aria-hidden=\"true\" class=\"fas fa-check\"><\/i>\t\t\t\t\t\t<\/span>\n\t\t\t\t\t\t\t\t\t\t<span class=\"elementor-icon-list-text\">\u4e0d\u542b\u7845<\/span>\n\t\t\t\t\t\t\t\t\t<\/li>\n\t\t\t\t\t\t\t\t<li class=\"elementor-icon-list-item\">\n\t\t\t\t\t\t\t\t\t\t\t<span class=\"elementor-icon-list-icon\">\n\t\t\t\t\t\t\t<i aria-hidden=\"true\" class=\"fas fa-check\"><\/i>\t\t\t\t\t\t<\/span>\n\t\t\t\t\t\t\t\t\t\t<span class=\"elementor-icon-list-text\">\u6297\u7d2b\u5916\u7ebf<\/span>\n\t\t\t\t\t\t\t\t\t<\/li>\n\t\t\t\t\t\t\t\t<li class=\"elementor-icon-list-item\">\n\t\t\t\t\t\t\t\t\t\t\t<span class=\"elementor-icon-list-icon\">\n\t\t\t\t\t\t\t<i aria-hidden=\"true\" class=\"fas fa-check\"><\/i>\t\t\t\t\t\t<\/span>\n\t\t\t\t\t\t\t\t\t\t<span class=\"elementor-icon-list-text\">\u5728\u4f4e\u6e29\u4e0b\u5177\u6709\u5f39\u6027<\/span>\n\t\t\t\t\t\t\t\t\t<\/li>\n\t\t\t\t\t\t\t\t<li class=\"elementor-icon-list-item\">\n\t\t\t\t\t\t\t\t\t\t\t<span class=\"elementor-icon-list-icon\">\n\t\t\t\t\t\t\t<i aria-hidden=\"true\" class=\"fas fa-check\"><\/i>\t\t\t\t\t\t<\/span>\n\t\t\t\t\t\t\t\t\t\t<span class=\"elementor-icon-list-text\">\u5bf9\u6cb9\u3001\u6c27\u6c14\u3001\u81ed\u6c27\u3001\u9178\u548c\u7a00\u91ca\u7684\u78b1\u6027\u7269\u8d28\u5177\u6709\u6301\u4e45\u6027\u3002<\/span>\n\t\t\t\t\t\t\t\t\t<\/li>\n\t\t\t\t\t\t<\/ul>\n\t\t\t\t\t\t<\/div>\n\t\t\t\t<\/div>\n\t\t\t\t\t<\/div>\n\t\t<\/div>\n\t\t\t\t\t<\/div>\n\t\t<\/section>\n\t\t\t\t\t<\/div>\n\t\t<\/div>\n\t\t\t\t<div class=\"elementor-column elementor-col-50 elementor-top-column elementor-element elementor-element-54df3c7\" data-id=\"54df3c7\" data-element_type=\"column\" data-settings=\"{&quot;background_background&quot;:&quot;classic&quot;}\">\n\t\t\t<div class=\"elementor-widget-wrap elementor-element-populated\">\n\t\t\t\t\t\t<div class=\"elementor-element elementor-element-21d8f35 elementor-hidden-tablet elementor-hidden-mobile elementor-widget elementor-widget-spacer\" data-id=\"21d8f35\" data-element_type=\"widget\" data-widget_type=\"spacer.default\">\n\t\t\t\t<div class=\"elementor-widget-container\">\n\t\t\t\t\t\t\t<div class=\"elementor-spacer\">\n\t\t\t<div class=\"elementor-spacer-inner\"><\/div>\n\t\t<\/div>\n\t\t\t\t\t\t<\/div>\n\t\t\t\t<\/div>\n\t\t\t\t<div class=\"elementor-element elementor-element-756aef9 elementor-widget elementor-widget-spacer\" data-id=\"756aef9\" data-element_type=\"widget\" data-widget_type=\"spacer.default\">\n\t\t\t\t<div class=\"elementor-widget-container\">\n\t\t\t\t\t\t\t<div class=\"elementor-spacer\">\n\t\t\t<div class=\"elementor-spacer-inner\"><\/div>\n\t\t<\/div>\n\t\t\t\t\t\t<\/div>\n\t\t\t\t<\/div>\n\t\t\t\t<section class=\"elementor-section elementor-inner-section elementor-element elementor-element-f313618 elementor-section-boxed elementor-section-height-default elementor-section-height-default\" data-id=\"f313618\" data-element_type=\"section\">\n\t\t\t\t\t\t<div class=\"elementor-container elementor-column-gap-default\">\n\t\t\t\t\t<div class=\"elementor-column elementor-col-100 elementor-inner-column elementor-element elementor-element-e58d91e elementor-invisible\" data-id=\"e58d91e\" data-element_type=\"column\" data-settings=\"{&quot;background_background&quot;:&quot;classic&quot;,&quot;animation&quot;:&quot;fadeInRight&quot;,&quot;animation_mobile&quot;:&quot;none&quot;}\">\n\t\t\t<div class=\"elementor-widget-wrap elementor-element-populated\">\n\t\t\t\t\t\t<div class=\"elementor-element elementor-element-7ae62af elementor-widget elementor-widget-text-editor\" data-id=\"7ae62af\" data-element_type=\"widget\" data-settings=\"{&quot;_animation_mobile&quot;:&quot;none&quot;}\" data-widget_type=\"text-editor.default\">\n\t\t\t\t<div class=\"elementor-widget-container\">\n\t\t\t\t\t\t\t\t\t<p>\u6211\u4eec\u8fd8\u4e3a\u60a8\u63d0\u4f9b\u76f8\u5e94\u7684\u8f6f\u7ba1\u55b7\u5634\uff0c\u7528\u4e8e\u5b89\u88c5\u4ecb\u8d28\u8f6f\u7ba1\u548c\u9694\u677f\u63a5\u5934\u3002<\/p><p>\u4f5c\u4e3a\u6807\u51c6\uff0c\u6211\u4eec\u4ee550\u7c73\u4e3a\u4e00\u4e2a\u5305\u88c5\u5355\u4f4d\uff0c\u63d0\u4f9b\u73af\u5f62\u7684\u4ecb\u8d28\u8f6f\u7ba1\u3002\u6839\u636e\u5ba2\u6237\u7684\u89c4\u683c\uff0c\u72ec\u7acb\u7ec4\u88c5\u7684\u9662\u5b50\u91cc\u7684\u8d27\u7269\u53ef\u4ee5\u5728\u5c3a\u5bf8\u548c\u989c\u8272\u4e0a\u8fdb\u884c\u8c03\u6574\u3002<\/p>\t\t\t\t\t\t\t\t<\/div>\n\t\t\t\t<\/div>\n\t\t\t\t\t<\/div>\n\t\t<\/div>\n\t\t\t\t\t<\/div>\n\t\t<\/section>\n\t\t\t\t\t<\/div>\n\t\t<\/div>\n\t\t\t\t\t<\/div>\n\t\t<\/section>\n\t\t\t\t<section class=\"elementor-section elementor-top-section elementor-element elementor-element-8a9223c elementor-section-boxed elementor-section-height-default elementor-section-height-default\" data-id=\"8a9223c\" data-element_type=\"section\" data-settings=\"{&quot;background_background&quot;:&quot;classic&quot;}\">\n\t\t\t\t\t\t<div class=\"elementor-container elementor-column-gap-default\">\n\t\t\t\t\t<div class=\"elementor-column elementor-col-100 elementor-top-column elementor-element elementor-element-bcc9c91\" data-id=\"bcc9c91\" data-element_type=\"column\" data-settings=\"{&quot;background_background&quot;:&quot;classic&quot;}\">\n\t\t\t<div class=\"elementor-widget-wrap elementor-element-populated\">\n\t\t\t\t\t\t<section class=\"elementor-section elementor-inner-section elementor-element elementor-element-018df57 elementor-section-full_width elementor-section-height-default elementor-section-height-default\" data-id=\"018df57\" data-element_type=\"section\">\n\t\t\t\t\t\t<div class=\"elementor-container elementor-column-gap-default\">\n\t\t\t\t\t<div class=\"elementor-column elementor-col-100 elementor-inner-column elementor-element elementor-element-b86b0d0\" data-id=\"b86b0d0\" data-element_type=\"column\">\n\t\t\t<div class=\"elementor-widget-wrap elementor-element-populated\">\n\t\t\t\t\t\t<div class=\"elementor-element elementor-element-8dbf9d8 elementor-widget elementor-widget-heading\" data-id=\"8dbf9d8\" data-element_type=\"widget\" data-widget_type=\"heading.default\">\n\t\t\t\t<div class=\"elementor-widget-container\">\n\t\t\t\t\t<h2 class=\"elementor-heading-title elementor-size-default\">Produkt\u00fcbersicht<\/h2>\t\t\t\t<\/div>\n\t\t\t\t<\/div>\n\t\t\t\t<div class=\"elementor-element elementor-element-4cd091f elementor-grid-5 elementor-grid-tablet-4 elementor-product-loop-item--align-center elementor-grid-mobile-2 elementor-products-grid elementor-wc-products elementor-widget elementor-widget-woocommerce-products\" data-id=\"4cd091f\" data-element_type=\"widget\" data-widget_type=\"woocommerce-products.default\">\n\t\t\t\t<div class=\"elementor-widget-container\">\n\t\t\t\t\t<div class=\"woocommerce columns-5\"><ul class=\"products elementor-grid columns-5\">\n<li class=\"product type-product post-4965 status-publish first instock product_cat-medienschlaeuche-mit-zubehoer product_tag-medienschlauch-typ-ms has-post-thumbnail shipping-taxable purchasable product-type-variable\">\n\t<a href=\"https:\/\/robotic-solutions.de\/zh\/product\/medienschlauch-typ-ms\/\" class=\"woocommerce-LoopProduct-link woocommerce-loop-product__link\"><img fetchpriority=\"high\" decoding=\"async\" width=\"300\" height=\"300\" src=\"https:\/\/robotic-solutions.de\/wp-content\/uploads\/2023\/01\/Medienschlauch-Typ-MS-uebersicht-300x300.jpg\" class=\"attachment-woocommerce_thumbnail size-woocommerce_thumbnail\" alt=\"Medienschlauch Typ MS-uebersicht\" srcset=\"https:\/\/robotic-solutions.de\/wp-content\/uploads\/2023\/01\/Medienschlauch-Typ-MS-uebersicht-300x300.jpg 300w, https:\/\/robotic-solutions.de\/wp-content\/uploads\/2023\/01\/Medienschlauch-Typ-MS-uebersicht-100x100.jpg 100w, https:\/\/robotic-solutions.de\/wp-content\/uploads\/2023\/01\/Medienschlauch-Typ-MS-uebersicht-600x600.jpg 600w, https:\/\/robotic-solutions.de\/wp-content\/uploads\/2023\/01\/Medienschlauch-Typ-MS-uebersicht-150x150.jpg 150w, https:\/\/robotic-solutions.de\/wp-content\/uploads\/2023\/01\/Medienschlauch-Typ-MS-uebersicht-12x12.jpg 12w, https:\/\/robotic-solutions.de\/wp-content\/uploads\/2023\/01\/Medienschlauch-Typ-MS-uebersicht-450x450.jpg 450w, https:\/\/robotic-solutions.de\/wp-content\/uploads\/2023\/01\/Medienschlauch-Typ-MS-uebersicht.jpg 700w\" sizes=\"(max-width: 300px) 100vw, 300px\" \/><h2 class=\"woocommerce-loop-product__title\">\u4ecb\u8d28\u8f6f\u7ba1\u7c7b\u578b MS<\/h2>\n<\/a><div class=\"woocommerce-loop-product__buttons\"><a href=\"https:\/\/robotic-solutions.de\/zh\/product\/medienschlauch-typ-ms\/\" aria-describedby=\"woocommerce_loop_add_to_cart_link_describedby_4965\" data-quantity=\"1\" class=\"button product_type_variable add_to_cart_button\" data-product_id=\"4965\" data-product_sku=\"\" aria-label=\"\u4e3a\u201cMedienschlauch Typ MS\u201d\u9009\u62e9\u9009\u9879\" rel=\"nofollow\" data-no-translation=\"\" data-trp-gettext=\"\" data-no-translation-aria-label=\"\">\u9009\u62e9\u9009\u9879<\/a><\/div>\t<span id=\"woocommerce_loop_add_to_cart_link_describedby_4965\" class=\"screen-reader-text\">\n\t\t\u672c\u4ea7\u54c1\u6709\u591a\u79cd\u53d8\u4f53\u3002 \u53ef\u5728\u4ea7\u54c1\u9875\u9762\u4e0a\u9009\u62e9\u8fd9\u4e9b\u9009\u9879\t<\/span>\n<\/li>\n<\/ul>\n<\/div>\t\t\t\t<\/div>\n\t\t\t\t<\/div>\n\t\t\t\t\t<\/div>\n\t\t<\/div>\n\t\t\t\t\t<\/div>\n\t\t<\/section>\n\t\t\t\t\t<\/div>\n\t\t<\/div>\n\t\t\t\t\t<\/div>\n\t\t<\/section>\n\t\t\t\t<\/div>","protected":false},"excerpt":{"rendered":"<p>Medienschl\u00e4uche mit Zubeh\u00f6r Medienschl\u00e4uche Unsere Medienschl\u00e4uche sind verst\u00e4rkte, zweilagige und selbstklemmende Polyurethanschl\u00e4uche fu\u0308r industrielle Anwendungen. Diese Schl\u00e4uche sind speziell fu\u0308r die Ausru\u0308stung von Robotern und Maschinenbauteilen konzipiert. Sie eignen sich besonders als \u00dcbertragungsmedium fu\u0308r Wasser, Luft und verschiedene Gase. frei von lackbenetzungsst\u00f6renden Stoffen silikonfrei UV-best\u00e4ndig K\u00e4lteflexibel dauerhaft haltbar gegen \u00d6le, Sauerstoff, Ozon, S\u00e4uren und verd\u00fcnnte [&hellip;]<\/p>\n","protected":false},"author":1,"featured_media":0,"parent":0,"menu_order":0,"comment_status":"closed","ping_status":"closed","template":"elementor_header_footer","meta":{"footnotes":""},"class_list":["post-253","page","type-page","status-publish","hentry"],"_links":{"self":[{"href":"https:\/\/robotic-solutions.de\/zh\/wp-json\/wp\/v2\/pages\/253","targetHints":{"allow":["GET"]}}],"collection":[{"href":"https:\/\/robotic-solutions.de\/zh\/wp-json\/wp\/v2\/pages"}],"about":[{"href":"https:\/\/robotic-solutions.de\/zh\/wp-json\/wp\/v2\/types\/page"}],"author":[{"embeddable":true,"href":"https:\/\/robotic-solutions.de\/zh\/wp-json\/wp\/v2\/users\/1"}],"replies":[{"embeddable":true,"href":"https:\/\/robotic-solutions.de\/zh\/wp-json\/wp\/v2\/comments?post=253"}],"version-history":[{"count":0,"href":"https:\/\/robotic-solutions.de\/zh\/wp-json\/wp\/v2\/pages\/253\/revisions"}],"wp:attachment":[{"href":"https:\/\/robotic-solutions.de\/zh\/wp-json\/wp\/v2\/media?parent=253"}],"curies":[{"name":"wp","href":"https:\/\/api.w.org\/{rel}","templated":true}]}}