{"id":2234,"date":"2022-02-08T09:10:47","date_gmt":"2022-02-08T09:10:47","guid":{"rendered":"https:\/\/robotic-solutions.de\/?page_id=2234"},"modified":"2023-09-04T10:58:33","modified_gmt":"2023-09-04T09:58:33","slug":"systemboxen","status":"publish","type":"page","link":"https:\/\/robotic-solutions.de\/zh\/systemboxen\/","title":{"rendered":"\u7cfb\u7edf\u76d2"},"content":{"rendered":"<div data-elementor-type=\"wp-page\" data-elementor-id=\"2234\" class=\"elementor elementor-2234\" data-elementor-post-type=\"page\">\n\t\t\t\t\t\t<section class=\"elementor-section elementor-top-section elementor-element elementor-element-22b3ef8 elementor-section-items-stretch elementor-section-height-min-height elementor-section-boxed elementor-section-height-default\" data-id=\"22b3ef8\" data-element_type=\"section\" data-settings=\"{&quot;background_background&quot;:&quot;classic&quot;}\">\n\t\t\t\t\t\t\t<div class=\"elementor-background-overlay\"><\/div>\n\t\t\t\t\t\t\t<div class=\"elementor-container elementor-column-gap-default\">\n\t\t\t\t\t<div class=\"elementor-column elementor-col-100 elementor-top-column elementor-element elementor-element-6870a33\" data-id=\"6870a33\" data-element_type=\"column\">\n\t\t\t<div class=\"elementor-widget-wrap elementor-element-populated\">\n\t\t\t\t\t\t<div class=\"elementor-element elementor-element-4bc813c elementor-widget elementor-widget-heading\" data-id=\"4bc813c\" data-element_type=\"widget\" data-widget_type=\"heading.default\">\n\t\t\t\t<div class=\"elementor-widget-container\">\n\t\t\t\t\t<h1 class=\"elementor-heading-title elementor-size-default\">\u7cfb\u7edf\u76d2<\/h1>\t\t\t\t<\/div>\n\t\t\t\t<\/div>\n\t\t\t\t\t<\/div>\n\t\t<\/div>\n\t\t\t\t\t<\/div>\n\t\t<\/section>\n\t\t\t\t<section class=\"elementor-section elementor-top-section elementor-element elementor-element-6bfcb99 elementor-section-boxed elementor-section-height-default elementor-section-height-default\" data-id=\"6bfcb99\" data-element_type=\"section\" data-settings=\"{&quot;background_background&quot;:&quot;classic&quot;}\">\n\t\t\t\t\t\t\t<div class=\"elementor-background-overlay\"><\/div>\n\t\t\t\t\t\t\t<div class=\"elementor-container elementor-column-gap-default\">\n\t\t\t\t\t<div class=\"elementor-column elementor-col-50 elementor-top-column elementor-element elementor-element-dab3636\" data-id=\"dab3636\" data-element_type=\"column\" data-settings=\"{&quot;background_background&quot;:&quot;classic&quot;}\">\n\t\t\t<div class=\"elementor-widget-wrap elementor-element-populated\">\n\t\t\t\t\t\t<div class=\"elementor-element elementor-element-9c2ce5d elementor-widget elementor-widget-spacer\" data-id=\"9c2ce5d\" data-element_type=\"widget\" data-widget_type=\"spacer.default\">\n\t\t\t\t<div class=\"elementor-widget-container\">\n\t\t\t\t\t\t\t<div class=\"elementor-spacer\">\n\t\t\t<div class=\"elementor-spacer-inner\"><\/div>\n\t\t<\/div>\n\t\t\t\t\t\t<\/div>\n\t\t\t\t<\/div>\n\t\t\t\t<section class=\"elementor-section elementor-inner-section elementor-element elementor-element-52c5ad6 elementor-section-boxed elementor-section-height-default elementor-section-height-default\" data-id=\"52c5ad6\" data-element_type=\"section\">\n\t\t\t\t\t\t<div class=\"elementor-container elementor-column-gap-default\">\n\t\t\t\t\t<div class=\"elementor-column elementor-col-100 elementor-inner-column elementor-element elementor-element-fc74038 elementor-invisible\" data-id=\"fc74038\" data-element_type=\"column\" data-settings=\"{&quot;background_background&quot;:&quot;classic&quot;,&quot;animation_mobile&quot;:&quot;none&quot;,&quot;animation&quot;:&quot;fadeInLeft&quot;}\">\n\t\t\t<div class=\"elementor-widget-wrap elementor-element-populated\">\n\t\t\t\t\t\t<div class=\"elementor-element elementor-element-dd48c12 elementor-widget elementor-widget-heading\" data-id=\"dd48c12\" data-element_type=\"widget\" data-settings=\"{&quot;_animation_mobile&quot;:&quot;none&quot;}\" data-widget_type=\"heading.default\">\n\t\t\t\t<div class=\"elementor-widget-container\">\n\t\t\t\t\t<h2 class=\"elementor-heading-title elementor-size-default\">Systembox f\u00fcr Schlauchgr\u00f6\u00dfen\nM40 bis EW70<\/h2>\t\t\t\t<\/div>\n\t\t\t\t<\/div>\n\t\t\t\t<div class=\"elementor-element elementor-element-3937067 elementor-widget elementor-widget-text-editor\" data-id=\"3937067\" data-element_type=\"widget\" data-settings=\"{&quot;_animation_mobile&quot;:&quot;none&quot;}\" data-widget_type=\"text-editor.default\">\n\t\t\t\t<div class=\"elementor-widget-container\">\n\t\t\t\t\t\t\t\t\t<p>\u901a\u8fc7\u7cfb\u7edf\u7bb1\uff0c\u6211\u4eec\u4e3a\u60a8\u63d0\u4f9b\u4e86\u4e00\u4e2a\u7cfb\u7edf\uff0c\u7528\u4e8e\u5de5\u4e1a\u673a\u5668\u4eba\u4ece3\u8f74\u52306\u8f74\u957f\u5ea6\u8865\u507f\u7684\u80fd\u91cf\u5305\u7684\u6700\u4f73\u5f15\u5bfc\u3002\u5728\u4e13\u95e8\u5236\u9020\u7684\u5e26\u6709\u96c6\u6210\u7684\u3001\u72ec\u7279\u7684\u5f39\u7c27\u56de\u5f39\u7cfb\u7edf\u7684\u5916\u58f3\u4e2d\uff0c\u80fd\u91cf\u5305\u88ab\u5b89\u5168\u5730\u5f15\u5bfc\uff0c\u78e8\u635f\u5f88\u5c0f\uff0c\u5728\u6700\u5c0f\u7684\u7a7a\u95f4\u5185\u6709\u6548\u5730\u5f15\u5bfc\u3002<\/p>\t\t\t\t\t\t\t\t<\/div>\n\t\t\t\t<\/div>\n\t\t\t\t<div class=\"elementor-element elementor-element-cfc884e elementor-tablet-align-center elementor-mobile-align-left elementor-icon-list--layout-traditional elementor-list-item-link-full_width elementor-widget elementor-widget-icon-list\" data-id=\"cfc884e\" data-element_type=\"widget\" data-settings=\"{&quot;_animation_mobile&quot;:&quot;none&quot;}\" data-widget_type=\"icon-list.default\">\n\t\t\t\t<div class=\"elementor-widget-container\">\n\t\t\t\t\t\t\t<ul class=\"elementor-icon-list-items\">\n\t\t\t\t\t\t\t<li class=\"elementor-icon-list-item\">\n\t\t\t\t\t\t\t\t\t\t\t<span class=\"elementor-icon-list-icon\">\n\t\t\t\t\t\t\t<i aria-hidden=\"true\" class=\"fas fa-check\"><\/i>\t\t\t\t\t\t<\/span>\n\t\t\t\t\t\t\t\t\t\t<span class=\"elementor-icon-list-text\">\u53ef\u9002\u5e94\u8bb8\u591a\u4e0d\u540c\u7684\u673a\u5668\u4eba\u7c7b\u578b<\/span>\n\t\t\t\t\t\t\t\t\t<\/li>\n\t\t\t\t\t\t\t\t<li class=\"elementor-icon-list-item\">\n\t\t\t\t\t\t\t\t\t\t\t<span class=\"elementor-icon-list-icon\">\n\t\t\t\t\t\t\t<i aria-hidden=\"true\" class=\"fas fa-check\"><\/i>\t\t\t\t\t\t<\/span>\n\t\t\t\t\t\t\t\t\t\t<span class=\"elementor-icon-list-text\">\u5feb\u901f\u548c\u7b80\u5355\u7684\u7ec4\u88c5<\/span>\n\t\t\t\t\t\t\t\t\t<\/li>\n\t\t\t\t\t\t\t\t<li class=\"elementor-icon-list-item\">\n\t\t\t\t\t\t\t\t\t\t\t<span class=\"elementor-icon-list-icon\">\n\t\t\t\t\t\t\t<i aria-hidden=\"true\" class=\"fas fa-check\"><\/i>\t\t\t\t\t\t<\/span>\n\t\t\t\t\t\t\t\t\t\t<span class=\"elementor-icon-list-text\">\u80fd\u6e90\u4f9b\u5e94\u7cfb\u7edf\u7684\u5feb\u901f\u66f4\u6362\uff0c\u5f39\u7c27\u7ec4\u4ef6\u7684\u7b80\u5355\u66f4\u6362<\/span>\n\t\t\t\t\t\t\t\t\t<\/li>\n\t\t\t\t\t\t\t\t<li class=\"elementor-icon-list-item\">\n\t\t\t\t\t\t\t\t\t\t\t<span class=\"elementor-icon-list-icon\">\n\t\t\t\t\t\t\t<i aria-hidden=\"true\" class=\"fas fa-check\"><\/i>\t\t\t\t\t\t<\/span>\n\t\t\t\t\t\t\t\t\t\t<span class=\"elementor-icon-list-text\">\u6700\u5c0f\u7684\u8fd0\u884c\u566a\u97f3<\/span>\n\t\t\t\t\t\t\t\t\t<\/li>\n\t\t\t\t\t\t<\/ul>\n\t\t\t\t\t\t<\/div>\n\t\t\t\t<\/div>\n\t\t\t\t\t<\/div>\n\t\t<\/div>\n\t\t\t\t\t<\/div>\n\t\t<\/section>\n\t\t\t\t\t<\/div>\n\t\t<\/div>\n\t\t\t\t<div class=\"elementor-column elementor-col-50 elementor-top-column elementor-element elementor-element-b3f4208\" data-id=\"b3f4208\" data-element_type=\"column\" data-settings=\"{&quot;background_background&quot;:&quot;classic&quot;}\">\n\t\t\t<div class=\"elementor-widget-wrap elementor-element-populated\">\n\t\t\t\t\t\t<div class=\"elementor-element elementor-element-4a6c8d4 elementor-widget elementor-widget-spacer\" data-id=\"4a6c8d4\" data-element_type=\"widget\" data-widget_type=\"spacer.default\">\n\t\t\t\t<div class=\"elementor-widget-container\">\n\t\t\t\t\t\t\t<div class=\"elementor-spacer\">\n\t\t\t<div class=\"elementor-spacer-inner\"><\/div>\n\t\t<\/div>\n\t\t\t\t\t\t<\/div>\n\t\t\t\t<\/div>\n\t\t\t\t<section class=\"elementor-section elementor-inner-section elementor-element elementor-element-49d707c elementor-section-boxed elementor-section-height-default elementor-section-height-default\" data-id=\"49d707c\" data-element_type=\"section\">\n\t\t\t\t\t\t<div class=\"elementor-container elementor-column-gap-default\">\n\t\t\t\t\t<div class=\"elementor-column elementor-col-100 elementor-inner-column elementor-element elementor-element-f27f94e elementor-invisible\" data-id=\"f27f94e\" data-element_type=\"column\" data-settings=\"{&quot;background_background&quot;:&quot;classic&quot;,&quot;animation_mobile&quot;:&quot;none&quot;,&quot;animation&quot;:&quot;fadeInRight&quot;}\">\n\t\t\t<div class=\"elementor-widget-wrap elementor-element-populated\">\n\t\t\t\t\t\t<div class=\"elementor-element elementor-element-8ed583d elementor-widget elementor-widget-heading\" data-id=\"8ed583d\" data-element_type=\"widget\" data-settings=\"{&quot;_animation_mobile&quot;:&quot;none&quot;}\" data-widget_type=\"heading.default\">\n\t\t\t\t<div class=\"elementor-widget-container\">\n\t\t\t\t\t<h2 class=\"elementor-heading-title elementor-size-default\">\u7cfb\u7edf\u76d2\u4ea4\u4ed8\u65b9\u6848<\/h2>\t\t\t\t<\/div>\n\t\t\t\t<\/div>\n\t\t\t\t<div class=\"elementor-element elementor-element-84f7247 elementor-tablet-align-center elementor-mobile-align-left elementor-icon-list--layout-traditional elementor-list-item-link-full_width elementor-widget elementor-widget-icon-list\" data-id=\"84f7247\" data-element_type=\"widget\" data-settings=\"{&quot;_animation_mobile&quot;:&quot;none&quot;}\" data-widget_type=\"icon-list.default\">\n\t\t\t\t<div class=\"elementor-widget-container\">\n\t\t\t\t\t\t\t<ul class=\"elementor-icon-list-items\">\n\t\t\t\t\t\t\t<li class=\"elementor-icon-list-item\">\n\t\t\t\t\t\t\t\t\t\t\t<span class=\"elementor-icon-list-icon\">\n\t\t\t\t\t\t\t<i aria-hidden=\"true\" class=\"fas fa-check\"><\/i>\t\t\t\t\t\t<\/span>\n\t\t\t\t\t\t\t\t\t\t<span class=\"elementor-icon-list-text\">Systembox f\u00fcr Schlauchgr\u00f6\u00dfen M40\/P36 und M50\/P48<\/span>\n\t\t\t\t\t\t\t\t\t<\/li>\n\t\t\t\t\t\t\t\t<li class=\"elementor-icon-list-item\">\n\t\t\t\t\t\t\t\t\t\t\t<span class=\"elementor-icon-list-icon\">\n\t\t\t\t\t\t\t<i aria-hidden=\"true\" class=\"fas fa-check\"><\/i>\t\t\t\t\t\t<\/span>\n\t\t\t\t\t\t\t\t\t\t<span class=\"elementor-icon-list-text\">Systembox f\u00fcr Schlauchgr\u00f6\u00dfen EW56 und EW70<\/span>\n\t\t\t\t\t\t\t\t\t<\/li>\n\t\t\t\t\t\t\t\t<li class=\"elementor-icon-list-item\">\n\t\t\t\t\t\t\t\t\t\t\t<span class=\"elementor-icon-list-icon\">\n\t\t\t\t\t\t\t<i aria-hidden=\"true\" class=\"fas fa-check\"><\/i>\t\t\t\t\t\t<\/span>\n\t\t\t\t\t\t\t\t\t\t<span class=\"elementor-icon-list-text\">Systembox f\u00fcr Schlauchgr\u00f6\u00dfen EW36 und EW70<\/span>\n\t\t\t\t\t\t\t\t\t<\/li>\n\t\t\t\t\t\t\t\t<li class=\"elementor-icon-list-item\">\n\t\t\t\t\t\t\t\t\t\t\t<span class=\"elementor-icon-list-icon\">\n\t\t\t\t\t\t\t<i aria-hidden=\"true\" class=\"fas fa-check\"><\/i>\t\t\t\t\t\t<\/span>\n\t\t\t\t\t\t\t\t\t\t<span class=\"elementor-icon-list-text\">\u7cfb\u7edf\u7bb1\u7684\u7cfb\u7edf\u677f\uff08\u8f744\uff09<\/span>\n\t\t\t\t\t\t\t\t\t<\/li>\n\t\t\t\t\t\t\t\t<li class=\"elementor-icon-list-item\">\n\t\t\t\t\t\t\t\t\t\t\t<span class=\"elementor-icon-list-icon\">\n\t\t\t\t\t\t\t<i aria-hidden=\"true\" class=\"fas fa-check\"><\/i>\t\t\t\t\t\t<\/span>\n\t\t\t\t\t\t\t\t\t\t<span class=\"elementor-icon-list-text\">\u7cfb\u7edf\u7bb1\u7684\u5907\u7528\u96f6\u4ef6\u7ec4<\/span>\n\t\t\t\t\t\t\t\t\t<\/li>\n\t\t\t\t\t\t<\/ul>\n\t\t\t\t\t\t<\/div>\n\t\t\t\t<\/div>\n\t\t\t\t\t<\/div>\n\t\t<\/div>\n\t\t\t\t\t<\/div>\n\t\t<\/section>\n\t\t\t\t\t<\/div>\n\t\t<\/div>\n\t\t\t\t\t<\/div>\n\t\t<\/section>\n\t\t\t\t<section class=\"elementor-section elementor-top-section elementor-element elementor-element-60afafb elementor-section-boxed elementor-section-height-default elementor-section-height-default\" data-id=\"60afafb\" data-element_type=\"section\" data-settings=\"{&quot;background_background&quot;:&quot;classic&quot;}\">\n\t\t\t\t\t\t<div class=\"elementor-container elementor-column-gap-default\">\n\t\t\t\t\t<div class=\"elementor-column elementor-col-100 elementor-top-column elementor-element elementor-element-e4fab7e\" data-id=\"e4fab7e\" data-element_type=\"column\" data-settings=\"{&quot;background_background&quot;:&quot;classic&quot;}\">\n\t\t\t<div class=\"elementor-widget-wrap elementor-element-populated\">\n\t\t\t\t\t\t<section class=\"elementor-section elementor-inner-section elementor-element elementor-element-d2299b0 elementor-section-full_width elementor-section-height-default elementor-section-height-default\" data-id=\"d2299b0\" data-element_type=\"section\">\n\t\t\t\t\t\t<div class=\"elementor-container elementor-column-gap-default\">\n\t\t\t\t\t<div class=\"elementor-column elementor-col-100 elementor-inner-column elementor-element elementor-element-b8b0dd6\" data-id=\"b8b0dd6\" data-element_type=\"column\">\n\t\t\t<div class=\"elementor-widget-wrap elementor-element-populated\">\n\t\t\t\t\t\t<div class=\"elementor-element elementor-element-fa3f413 elementor-widget elementor-widget-heading\" data-id=\"fa3f413\" data-element_type=\"widget\" data-widget_type=\"heading.default\">\n\t\t\t\t<div class=\"elementor-widget-container\">\n\t\t\t\t\t<h2 class=\"elementor-heading-title elementor-size-default\">Produkt\u00fcbersicht<\/h2>\t\t\t\t<\/div>\n\t\t\t\t<\/div>\n\t\t\t\t<div class=\"elementor-element elementor-element-96fc6fc elementor-grid-5 elementor-grid-tablet-4 elementor-product-loop-item--align-center elementor-grid-mobile-2 elementor-products-grid elementor-wc-products elementor-widget elementor-widget-woocommerce-products\" data-id=\"96fc6fc\" data-element_type=\"widget\" data-widget_type=\"woocommerce-products.default\">\n\t\t\t\t<div class=\"elementor-widget-container\">\n\t\t\t\t\t<div class=\"woocommerce columns-5\"><ul class=\"products elementor-grid columns-5\">\n<li class=\"product type-product post-4235 status-publish first instock product_cat-systemboxen product_cat-zubehoer product_tag-acryl-rohr product_tag-adapterplatte product_tag-druckfeder product_tag-gestell product_tag-zubehoer-systembox has-post-thumbnail shipping-taxable purchasable product-type-variable\">\n\t<a href=\"https:\/\/robotic-solutions.de\/zh\/product\/zubehoer-ersatzteile-systembox\/\" class=\"woocommerce-LoopProduct-link woocommerce-loop-product__link\"><img fetchpriority=\"high\" decoding=\"async\" width=\"300\" height=\"300\" src=\"https:\/\/robotic-solutions.de\/wp-content\/uploads\/2022\/12\/zubehoer-systembox-kacheln-300x300.jpg\" class=\"attachment-woocommerce_thumbnail size-woocommerce_thumbnail\" alt=\"Bild mit Zubeh\u00f6r f\u00fcr Systemboxen\" srcset=\"https:\/\/robotic-solutions.de\/wp-content\/uploads\/2022\/12\/zubehoer-systembox-kacheln-300x300.jpg 300w, https:\/\/robotic-solutions.de\/wp-content\/uploads\/2022\/12\/zubehoer-systembox-kacheln-100x100.jpg 100w, https:\/\/robotic-solutions.de\/wp-content\/uploads\/2022\/12\/zubehoer-systembox-kacheln-600x600.jpg 600w, https:\/\/robotic-solutions.de\/wp-content\/uploads\/2022\/12\/zubehoer-systembox-kacheln-150x150.jpg 150w, https:\/\/robotic-solutions.de\/wp-content\/uploads\/2022\/12\/zubehoer-systembox-kacheln-12x12.jpg 12w, https:\/\/robotic-solutions.de\/wp-content\/uploads\/2022\/12\/zubehoer-systembox-kacheln-450x450.jpg 450w, https:\/\/robotic-solutions.de\/wp-content\/uploads\/2022\/12\/zubehoer-systembox-kacheln.jpg 673w\" sizes=\"(max-width: 300px) 100vw, 300px\" \/><h2 class=\"woocommerce-loop-product__title\">Zubeh\u00f6r Systembox<\/h2>\n<\/a><div class=\"woocommerce-loop-product__buttons\"><a href=\"https:\/\/robotic-solutions.de\/zh\/product\/zubehoer-ersatzteile-systembox\/\" aria-describedby=\"woocommerce_loop_add_to_cart_link_describedby_4235\" data-quantity=\"1\" class=\"button product_type_variable add_to_cart_button\" data-product_id=\"4235\" data-product_sku=\"\" aria-label=\"\u4e3a\u201cZubeh\u00f6r Systembox\u201d\u9009\u62e9\u9009\u9879\" rel=\"nofollow\" data-no-translation=\"\" data-trp-gettext=\"\" data-no-translation-aria-label=\"\">\u9009\u62e9\u9009\u9879<\/a><\/div>\t<span id=\"woocommerce_loop_add_to_cart_link_describedby_4235\" class=\"screen-reader-text\">\n\t\t\u672c\u4ea7\u54c1\u6709\u591a\u79cd\u53d8\u4f53\u3002 \u53ef\u5728\u4ea7\u54c1\u9875\u9762\u4e0a\u9009\u62e9\u8fd9\u4e9b\u9009\u9879\t<\/span>\n<\/li>\n<li class=\"product type-product post-4144 status-publish instock product_cat-systemboxen product_tag-systembox-m40-p36 product_tag-systembox-m50-p48 product_tag-systembox-nw56 product_tag-systembox-nw70 has-post-thumbnail shipping-taxable purchasable product-type-variable\">\n\t<a href=\"https:\/\/robotic-solutions.de\/zh\/product\/systembox-fuer-schlauchgroessen-m40-p36-und-m50-p48-test\/\" class=\"woocommerce-LoopProduct-link woocommerce-loop-product__link\"><img decoding=\"async\" width=\"300\" height=\"300\" src=\"https:\/\/robotic-solutions.de\/wp-content\/uploads\/2022\/02\/Systembox-Shop-Seite--300x300.jpg\" class=\"attachment-woocommerce_thumbnail size-woocommerce_thumbnail\" alt=\"Systembox Shop\" srcset=\"https:\/\/robotic-solutions.de\/wp-content\/uploads\/2022\/02\/Systembox-Shop-Seite--300x300.jpg 300w, https:\/\/robotic-solutions.de\/wp-content\/uploads\/2022\/02\/Systembox-Shop-Seite--100x100.jpg 100w, https:\/\/robotic-solutions.de\/wp-content\/uploads\/2022\/02\/Systembox-Shop-Seite--150x150.jpg 150w, https:\/\/robotic-solutions.de\/wp-content\/uploads\/2022\/02\/Systembox-Shop-Seite--12x12.jpg 12w, https:\/\/robotic-solutions.de\/wp-content\/uploads\/2022\/02\/Systembox-Shop-Seite--450x450.jpg 450w\" sizes=\"(max-width: 300px) 100vw, 300px\" \/><h2 class=\"woocommerce-loop-product__title\">\u7cfb\u7edf\u76d2<\/h2>\n<\/a><div class=\"woocommerce-loop-product__buttons\"><a href=\"https:\/\/robotic-solutions.de\/zh\/product\/systembox-fuer-schlauchgroessen-m40-p36-und-m50-p48-test\/\" aria-describedby=\"woocommerce_loop_add_to_cart_link_describedby_4144\" data-quantity=\"1\" class=\"button product_type_variable add_to_cart_button\" data-product_id=\"4144\" data-product_sku=\"60602661\" aria-label=\"\u4e3a\u201cSystemboxen\u201d\u9009\u62e9\u9009\u9879\" rel=\"nofollow\" data-no-translation=\"\" data-trp-gettext=\"\" data-no-translation-aria-label=\"\">\u9009\u62e9\u9009\u9879<\/a><\/div>\t<span id=\"woocommerce_loop_add_to_cart_link_describedby_4144\" class=\"screen-reader-text\">\n\t\t\u672c\u4ea7\u54c1\u6709\u591a\u79cd\u53d8\u4f53\u3002 \u53ef\u5728\u4ea7\u54c1\u9875\u9762\u4e0a\u9009\u62e9\u8fd9\u4e9b\u9009\u9879\t<\/span>\n<\/li>\n<\/ul>\n<\/div>\t\t\t\t<\/div>\n\t\t\t\t<\/div>\n\t\t\t\t\t<\/div>\n\t\t<\/div>\n\t\t\t\t\t<\/div>\n\t\t<\/section>\n\t\t\t\t\t<\/div>\n\t\t<\/div>\n\t\t\t\t\t<\/div>\n\t\t<\/section>\n\t\t\t\t<\/div>","protected":false},"excerpt":{"rendered":"<p>Systemboxen Systembox f\u00fcr Schlauchgr\u00f6\u00dfen M40 bis EW70 Mit der Systembox bieten wir Ihnen ein System f\u00fcr die optimale F\u00fchrung der Energiepakete mit L\u00e4ngenausgleich von Achse 3 bis Achse 6 f\u00fcr Industrieroboter an. In dem speziell gefertigten Geh\u00e4use mit dem integrierten und einzigartigen Federr\u00fcckf\u00fchrungssystem wird das Energiepaket auf kleinstem Raum sicher, verschlei\u00dfarm und effektiv\u00a0gef\u00fchrt. Adaptierbar auf [&hellip;]<\/p>\n","protected":false},"author":1,"featured_media":0,"parent":0,"menu_order":0,"comment_status":"closed","ping_status":"closed","template":"elementor_header_footer","meta":{"footnotes":""},"class_list":["post-2234","page","type-page","status-publish","hentry"],"_links":{"self":[{"href":"https:\/\/robotic-solutions.de\/zh\/wp-json\/wp\/v2\/pages\/2234","targetHints":{"allow":["GET"]}}],"collection":[{"href":"https:\/\/robotic-solutions.de\/zh\/wp-json\/wp\/v2\/pages"}],"about":[{"href":"https:\/\/robotic-solutions.de\/zh\/wp-json\/wp\/v2\/types\/page"}],"author":[{"embeddable":true,"href":"https:\/\/robotic-solutions.de\/zh\/wp-json\/wp\/v2\/users\/1"}],"replies":[{"embeddable":true,"href":"https:\/\/robotic-solutions.de\/zh\/wp-json\/wp\/v2\/comments?post=2234"}],"version-history":[{"count":1,"href":"https:\/\/robotic-solutions.de\/zh\/wp-json\/wp\/v2\/pages\/2234\/revisions"}],"predecessor-version":[{"id":6232,"href":"https:\/\/robotic-solutions.de\/zh\/wp-json\/wp\/v2\/pages\/2234\/revisions\/6232"}],"wp:attachment":[{"href":"https:\/\/robotic-solutions.de\/zh\/wp-json\/wp\/v2\/media?parent=2234"}],"curies":[{"name":"wp","href":"https:\/\/api.w.org\/{rel}","templated":true}]}}