{"id":4925,"date":"2023-01-09T14:39:25","date_gmt":"2023-01-09T14:39:25","guid":{"rendered":"https:\/\/robotic-solutions.de\/?post_type=product&#038;p=4925"},"modified":"2023-06-16T14:16:31","modified_gmt":"2023-06-16T13:16:31","slug":"kabelschutzschlauch-typ-uparb","status":"publish","type":"product","link":"https:\/\/robotic-solutions.de\/en\/product\/kabelschutzschlauch-typ-uparb\/","title":{"rendered":"Cable protection conduits Type UPARB"},"content":{"rendered":"<p>Cable protection hose for the highest dynamic and medium\nmechanical load. Ideal for extreme applications in robotics.<br \/>\n<strong>Characteristics:<\/strong><\/p>\n<ul>\n<li>For high demands in robotics<\/li>\n<li>High abrasion resistance<\/li>\n<\/ul>\n<p><strong>Applications:<\/strong><\/p>\n<ul>\n<li>Robots<\/li>\n<li>Handling systems<\/li>\n<li>In energy chains<\/li>\n<\/ul>\n<p>&nbsp;<\/p>\n<p><img decoding=\"async\" class=\"alignnone wp-image-4777\" src=\"https:\/\/robotic-solutions.de\/wp-content\/uploads\/2023\/01\/eigenschaften-Kabelschutzschlauch-Typ-EW-PAE-300x172.png\" alt=\"\" width=\"262\" height=\"150\" srcset=\"https:\/\/robotic-solutions.de\/wp-content\/uploads\/2023\/01\/eigenschaften-Kabelschutzschlauch-Typ-EW-PAE-300x172.png 300w, https:\/\/robotic-solutions.de\/wp-content\/uploads\/2023\/01\/eigenschaften-Kabelschutzschlauch-Typ-EW-PAE-600x344.png 600w, https:\/\/robotic-solutions.de\/wp-content\/uploads\/2023\/01\/eigenschaften-Kabelschutzschlauch-Typ-EW-PAE-1024x586.png 1024w, https:\/\/robotic-solutions.de\/wp-content\/uploads\/2023\/01\/eigenschaften-Kabelschutzschlauch-Typ-EW-PAE-768x440.png 768w, https:\/\/robotic-solutions.de\/wp-content\/uploads\/2023\/01\/eigenschaften-Kabelschutzschlauch-Typ-EW-PAE-18x10.png 18w, https:\/\/robotic-solutions.de\/wp-content\/uploads\/2023\/01\/eigenschaften-Kabelschutzschlauch-Typ-EW-PAE.png 1184w\" sizes=\"(max-width: 262px) 100vw, 262px\" \/><\/p>\n<p>F= Fine profile \/\/ G= Rough profile<\/p>","protected":false},"excerpt":{"rendered":"<p>Kabelschutzschlauch f\u00fcr h\u00f6chste dynamische und mittlere mechanische Beanspruchung. Ideal geeignet f\u00fcr extreme\u00a0Anwendungen in der Robotertechnik. Eigenschaften: f\u00fcr hohe Beanspruchungen im Roboterbereich hohe Abriebfestigkeit Anwendungen: Roboter Handlingsysteme in Energief\u00fchrungsketten &nbsp; F= Feinprofil \/\/ G= Grobprofil<\/p>","protected":false},"featured_media":4847,"template":"","meta":[],"product_cat":[43],"product_tag":[108],"class_list":{"0":"post-4925","1":"product","2":"type-product","3":"status-publish","4":"has-post-thumbnail","6":"product_cat-kabelschutzschlauch-2","7":"product_tag-kabelschutzschlauch-typ-uparb","9":"first","10":"instock","11":"shipping-taxable","12":"purchasable","13":"product-type-variable"},"_links":{"self":[{"href":"https:\/\/robotic-solutions.de\/en\/wp-json\/wp\/v2\/product\/4925","targetHints":{"allow":["GET"]}}],"collection":[{"href":"https:\/\/robotic-solutions.de\/en\/wp-json\/wp\/v2\/product"}],"about":[{"href":"https:\/\/robotic-solutions.de\/en\/wp-json\/wp\/v2\/types\/product"}],"wp:featuredmedia":[{"embeddable":true,"href":"https:\/\/robotic-solutions.de\/en\/wp-json\/wp\/v2\/media\/4847"}],"wp:attachment":[{"href":"https:\/\/robotic-solutions.de\/en\/wp-json\/wp\/v2\/media?parent=4925"}],"wp:term":[{"taxonomy":"product_cat","embeddable":true,"href":"https:\/\/robotic-solutions.de\/en\/wp-json\/wp\/v2\/product_cat?post=4925"},{"taxonomy":"product_tag","embeddable":true,"href":"https:\/\/robotic-solutions.de\/en\/wp-json\/wp\/v2\/product_tag?post=4925"}],"curies":[{"name":"wp","href":"https:\/\/api.w.org\/{rel}","templated":true}]}}