{"id":4848,"date":"2023-01-09T12:53:17","date_gmt":"2023-01-09T12:53:17","guid":{"rendered":"https:\/\/robotic-solutions.de\/?post_type=product&#038;p=4848"},"modified":"2023-06-16T14:26:08","modified_gmt":"2023-06-16T13:26:08","slug":"kabelschutzschlauch-typ-ewx-hy-hohe-wellung","status":"publish","type":"product","link":"https:\/\/robotic-solutions.de\/en\/product\/kabelschutzschlauch-typ-ewx-hy-hohe-wellung\/","title":{"rendered":"Cable protection hose Type EWX-HY (high curl)"},"content":{"rendered":"<p class=\"translation-block\">Cable protection conduit for medium mechanical loads and highest flexibility. Ideal for robot applications in higher\nambient temperatures.<\/p>\n<p>&nbsp;<\/p>\n<p><strong>Applications:<\/strong><\/p>\n<ul>\n<li>Robots<\/li>\n<li>Handling systems<\/li>\n<li>In energy chains<\/li>\n<li>Vehicle construction<\/li>\n<\/ul>\n<p>&nbsp;<\/p>\n<p><img decoding=\"async\" class=\"alignnone wp-image-4826\" src=\"https:\/\/robotic-solutions.de\/wp-content\/uploads\/2023\/01\/Kabelschutzschlauch-Typ-EW-HY-daten-300x144.png\" alt=\"\" width=\"252\" height=\"121\" srcset=\"https:\/\/robotic-solutions.de\/wp-content\/uploads\/2023\/01\/Kabelschutzschlauch-Typ-EW-HY-daten-300x144.png 300w, https:\/\/robotic-solutions.de\/wp-content\/uploads\/2023\/01\/Kabelschutzschlauch-Typ-EW-HY-daten-600x288.png 600w, https:\/\/robotic-solutions.de\/wp-content\/uploads\/2023\/01\/Kabelschutzschlauch-Typ-EW-HY-daten-1024x491.png 1024w, https:\/\/robotic-solutions.de\/wp-content\/uploads\/2023\/01\/Kabelschutzschlauch-Typ-EW-HY-daten-768x369.png 768w, https:\/\/robotic-solutions.de\/wp-content\/uploads\/2023\/01\/Kabelschutzschlauch-Typ-EW-HY-daten-18x9.png 18w, https:\/\/robotic-solutions.de\/wp-content\/uploads\/2023\/01\/Kabelschutzschlauch-Typ-EW-HY-daten-1320x633.png 1320w, https:\/\/robotic-solutions.de\/wp-content\/uploads\/2023\/01\/Kabelschutzschlauch-Typ-EW-HY-daten.png 1438w\" sizes=\"(max-width: 252px) 100vw, 252px\" \/><\/p>\n<p>&nbsp;<\/p>\n<p>* Product with narrow curl<\/p>","protected":false},"excerpt":{"rendered":"<p>Kabelschutzschlauch f\u00fcr mittlere mechanische Beanspruchungen\u00a0und h\u00f6chste Flexibilit\u00e4t. Ideal f\u00fcr Roboteranwendungen in h\u00f6heren\u00a0Umgebungstemperaturen. &nbsp; Anwendungen: Roboter Handlingsysteme in Energief\u00fchrungsketten Fahrzeugbau &nbsp; &nbsp; * Produkt mit schmaler Wellung<\/p>","protected":false},"featured_media":4847,"template":"","meta":[],"product_cat":[43],"product_tag":[106],"class_list":{"0":"post-4848","1":"product","2":"type-product","3":"status-publish","4":"has-post-thumbnail","6":"product_cat-kabelschutzschlauch-2","7":"product_tag-kabelschutzschlauch-typ-ewx-hy-hohe-wellung","9":"first","10":"instock","11":"shipping-taxable","12":"purchasable","13":"product-type-variable"},"_links":{"self":[{"href":"https:\/\/robotic-solutions.de\/en\/wp-json\/wp\/v2\/product\/4848","targetHints":{"allow":["GET"]}}],"collection":[{"href":"https:\/\/robotic-solutions.de\/en\/wp-json\/wp\/v2\/product"}],"about":[{"href":"https:\/\/robotic-solutions.de\/en\/wp-json\/wp\/v2\/types\/product"}],"wp:featuredmedia":[{"embeddable":true,"href":"https:\/\/robotic-solutions.de\/en\/wp-json\/wp\/v2\/media\/4847"}],"wp:attachment":[{"href":"https:\/\/robotic-solutions.de\/en\/wp-json\/wp\/v2\/media?parent=4848"}],"wp:term":[{"taxonomy":"product_cat","embeddable":true,"href":"https:\/\/robotic-solutions.de\/en\/wp-json\/wp\/v2\/product_cat?post=4848"},{"taxonomy":"product_tag","embeddable":true,"href":"https:\/\/robotic-solutions.de\/en\/wp-json\/wp\/v2\/product_tag?post=4848"}],"curies":[{"name":"wp","href":"https:\/\/api.w.org\/{rel}","templated":true}]}}