{"id":4656,"date":"2023-01-06T10:20:33","date_gmt":"2023-01-06T10:20:33","guid":{"rendered":"https:\/\/robotic-solutions.de\/?post_type=product&#038;p=4656"},"modified":"2023-01-08T13:39:59","modified_gmt":"2023-01-08T13:39:59","slug":"zugentlastung","status":"publish","type":"product","link":"https:\/\/robotic-solutions.de\/en\/product\/zugentlastung\/","title":{"rendered":"Strain relief"},"content":{"rendered":"<p class=\"translation-block\">Strain reliefs to fix the lines in the dress-packs.\nThe cables can be easily mounted in the elastic cable star.<\/p>\n<ul>\n<li>ZL\/N1 for assembly in the end ball joints of type KEG-K in combination\nwith the holder SH- (F\/P\/PF) system. You can drill holes for the required\ncable diameters by yourself.<\/li>\n<li>ZL3 as a strain relief mount for the system boxes 36\/48\/56\/70 ZL3<\/li>\n<li>for mounting in the holder SHK 70-RM system without additional components<\/li>\n<\/ul>","protected":false},"excerpt":{"rendered":"<p>Zugentlastungen zur Fixierung der Leitungen im Schlauchpaket.\u00a0Die Leitungen lassen sich im elastischen Kabelstern einfach montieren.\u00a0 ZL\/N1 zur Montage in den Kugelendgelenken vom Typ KEG-K in Kombination mit dem Systemhalter SH-(F\/P\/PF). Bohrungen f\u00fcr die ben\u00f6tigten Leitungsdurchmesser k\u00f6nnen selbst angefertigt werden ZL3 als Zugentlastungs-Aufnahme fu\u0308r die Systemboxen 36\/48\/56\/70 ZL3 zur Montage im Systemhalter SHK 70-RM ohne weitere [&hellip;]<\/p>\n","protected":false},"featured_media":4657,"template":"","meta":[],"product_cat":[24,36],"product_tag":[79,102],"class_list":{"0":"post-4656","1":"product","2":"type-product","3":"status-publish","4":"has-post-thumbnail","6":"product_cat-zubehoer","7":"product_cat-zugentlastung","8":"product_tag-zugentlastung","9":"product_tag-zugentlastung-uebersicht","11":"first","12":"instock","13":"shipping-taxable","14":"purchasable","15":"product-type-variable"},"_links":{"self":[{"href":"https:\/\/robotic-solutions.de\/en\/wp-json\/wp\/v2\/product\/4656","targetHints":{"allow":["GET"]}}],"collection":[{"href":"https:\/\/robotic-solutions.de\/en\/wp-json\/wp\/v2\/product"}],"about":[{"href":"https:\/\/robotic-solutions.de\/en\/wp-json\/wp\/v2\/types\/product"}],"wp:featuredmedia":[{"embeddable":true,"href":"https:\/\/robotic-solutions.de\/en\/wp-json\/wp\/v2\/media\/4657"}],"wp:attachment":[{"href":"https:\/\/robotic-solutions.de\/en\/wp-json\/wp\/v2\/media?parent=4656"}],"wp:term":[{"taxonomy":"product_cat","embeddable":true,"href":"https:\/\/robotic-solutions.de\/en\/wp-json\/wp\/v2\/product_cat?post=4656"},{"taxonomy":"product_tag","embeddable":true,"href":"https:\/\/robotic-solutions.de\/en\/wp-json\/wp\/v2\/product_tag?post=4656"}],"curies":[{"name":"wp","href":"https:\/\/api.w.org\/{rel}","templated":true}]}}