{"id":4643,"date":"2023-01-05T13:48:01","date_gmt":"2023-01-05T13:48:01","guid":{"rendered":"https:\/\/robotic-solutions.de\/?post_type=product&#038;p=4643"},"modified":"2023-01-05T14:32:07","modified_gmt":"2023-01-05T14:32:07","slug":"kugelendgelenk","status":"publish","type":"product","link":"https:\/\/robotic-solutions.de\/en\/product\/kugelendgelenk\/","title":{"rendered":"Ball joint"},"content":{"rendered":"<p class=\"translation-block\">Ball end joints are used wherever cables or media hoses exit the cable protection conduit. Types\nwith integrated or optional strain relief are available.<\/p>\n<ul>\n<li>For robotic applications and handling equipment<\/li>\n<li>Quick, easy assembly and disassembly<\/li>\n<\/ul>","protected":false},"excerpt":{"rendered":"<p>Kugelendgelenke kommen \u00fcberall dort zum Einsatz, wo Leitungen oder\u00a0Medienschl\u00e4uche aus dem Kabelschutzschlauch austreten.\u00a0Es sind Typen mit integrierter oder optionaler Zugentlastung verf\u00fcgbar. F\u00fcr Roboteranwendungen und Handhabungsger\u00e4te Schnelle, einfache Montage und Demontage<\/p>","protected":false},"featured_media":4644,"template":"","meta":[],"product_cat":[35,24],"product_tag":[70],"class_list":{"0":"post-4643","1":"product","2":"type-product","3":"status-publish","4":"has-post-thumbnail","6":"product_cat-kugelendgelenk","7":"product_cat-zubehoer","8":"product_tag-kugelendgelenk","10":"first","11":"instock","12":"shipping-taxable","13":"purchasable","14":"product-type-variable"},"_links":{"self":[{"href":"https:\/\/robotic-solutions.de\/en\/wp-json\/wp\/v2\/product\/4643","targetHints":{"allow":["GET"]}}],"collection":[{"href":"https:\/\/robotic-solutions.de\/en\/wp-json\/wp\/v2\/product"}],"about":[{"href":"https:\/\/robotic-solutions.de\/en\/wp-json\/wp\/v2\/types\/product"}],"wp:featuredmedia":[{"embeddable":true,"href":"https:\/\/robotic-solutions.de\/en\/wp-json\/wp\/v2\/media\/4644"}],"wp:attachment":[{"href":"https:\/\/robotic-solutions.de\/en\/wp-json\/wp\/v2\/media?parent=4643"}],"wp:term":[{"taxonomy":"product_cat","embeddable":true,"href":"https:\/\/robotic-solutions.de\/en\/wp-json\/wp\/v2\/product_cat?post=4643"},{"taxonomy":"product_tag","embeddable":true,"href":"https:\/\/robotic-solutions.de\/en\/wp-json\/wp\/v2\/product_tag?post=4643"}],"curies":[{"name":"wp","href":"https:\/\/api.w.org\/{rel}","templated":true}]}}