{"id":4600,"date":"2023-01-05T10:57:03","date_gmt":"2023-01-05T10:57:03","guid":{"rendered":"https:\/\/robotic-solutions.de\/?post_type=product&#038;p=4600"},"modified":"2023-01-05T11:42:09","modified_gmt":"2023-01-05T11:42:09","slug":"protektor-schlauchverbinder","status":"publish","type":"product","link":"https:\/\/robotic-solutions.de\/en\/product\/protektor-schlauchverbinder\/","title":{"rendered":"Protector \/ hose connector"},"content":{"rendered":"<p class=\"translation-block\">The protectors secure cable protection hoses and dress-packs against\nimpacts and reduce abrasion. This significantly increases the service life of\nthe dress-packs. They serve as impact protection and at the simultaneously\nenable the connection of two cable protection conduits.<\/p>\n<ul>\n<li>Model with screw fastening of type PRB<\/li>\n<li>Model with sliding lock and locking screw of the type PR\/SV<\/li>\n<\/ul>","protected":false},"excerpt":{"rendered":"<p>Die Protektoren sch\u00fctzen Kabelschutzschl\u00e4uche und Schlauchpakete\u00a0vor Schl\u00e4gen und vermindern den Abrieb. Dadurch wird die Standzeit der Schlauchpakete wesentlich erh\u00f6ht. Sie dienen als Schlagschutz und\u00a0erm\u00f6glichen gleichzeitig das Verbinden von zwei Kabelschutzschl\u00e4uchen. Ausf\u00fchrung mit Schraubbefestigung vom Typ PRB Ausf\u00fchrung mit Schiebeverriegelung und Arretierungsschraube vom Typ PR\/SV<\/p>","protected":false},"featured_media":4618,"template":"","meta":[],"product_cat":[33,93,24],"product_tag":[94,95],"class_list":{"0":"post-4600","1":"product","2":"type-product","3":"status-publish","4":"has-post-thumbnail","6":"product_cat-protektor","7":"product_cat-schlauchverbinder-zubehoer","8":"product_cat-zubehoer","9":"product_tag-protektor","10":"product_tag-schlauchverbinder","12":"first","13":"instock","14":"shipping-taxable","15":"purchasable","16":"product-type-variable"},"_links":{"self":[{"href":"https:\/\/robotic-solutions.de\/en\/wp-json\/wp\/v2\/product\/4600","targetHints":{"allow":["GET"]}}],"collection":[{"href":"https:\/\/robotic-solutions.de\/en\/wp-json\/wp\/v2\/product"}],"about":[{"href":"https:\/\/robotic-solutions.de\/en\/wp-json\/wp\/v2\/types\/product"}],"wp:featuredmedia":[{"embeddable":true,"href":"https:\/\/robotic-solutions.de\/en\/wp-json\/wp\/v2\/media\/4618"}],"wp:attachment":[{"href":"https:\/\/robotic-solutions.de\/en\/wp-json\/wp\/v2\/media?parent=4600"}],"wp:term":[{"taxonomy":"product_cat","embeddable":true,"href":"https:\/\/robotic-solutions.de\/en\/wp-json\/wp\/v2\/product_cat?post=4600"},{"taxonomy":"product_tag","embeddable":true,"href":"https:\/\/robotic-solutions.de\/en\/wp-json\/wp\/v2\/product_tag?post=4600"}],"curies":[{"name":"wp","href":"https:\/\/api.w.org\/{rel}","templated":true}]}}