{"id":4489,"date":"2023-01-04T14:28:21","date_gmt":"2023-01-04T14:28:21","guid":{"rendered":"https:\/\/robotic-solutions.de\/?post_type=product&#038;p=4489"},"modified":"2023-01-04T15:07:19","modified_gmt":"2023-01-04T15:07:19","slug":"systemhalter-nw-70","status":"publish","type":"product","link":"https:\/\/robotic-solutions.de\/en\/product\/systemhalter-nw-70\/","title":{"rendered":"System holder NW 70"},"content":{"rendered":"<p class=\"translation-block\">Combination examples of the SHK\n70 system holder for the mounting\nof dress-packs with nominal width\n70. The different combination\npossibilities with the system holder\nmake it possible to find the ideal\nsolution for the application.<\/p>\n<p>&nbsp;<\/p>\n<p><em>Schematic representation, individual parts may differ in detail.<\/em><\/p>","protected":false},"excerpt":{"rendered":"<p>Kombinationsbeispiele des Systemhalters SHK 70 zur Montage von Schlauchpaketen der Nennweite 70. Die unterschiedlichen Kombinationsm\u00f6glichkeiten mit dem\u00a0Systemhalter erm\u00f6glichen es, die ideale L\u00f6sung f\u00fcr die Anwendung\u00a0zu finden. &nbsp; Darstellung schematisch, Einzelteile k\u00f6nnen im Detail abweichen.<\/p>","protected":false},"featured_media":4499,"template":"","meta":[],"product_brand":[],"product_cat":[28,32,24,36],"product_tag":[78,81,62,79,80],"class_list":{"0":"post-4489","1":"product","2":"type-product","3":"status-publish","4":"has-post-thumbnail","6":"product_cat-nw-70","7":"product_cat-systemhalter","8":"product_cat-zubehoer","9":"product_cat-zugentlastung","10":"product_tag-drehlager-mit-zwischenplatte","11":"product_tag-gelenkstueck","12":"product_tag-systemhalter-nw-70","13":"product_tag-zugentlastung","14":"product_tag-zugentlastung-mit-rohling","16":"first","17":"instock","18":"shipping-taxable","19":"purchasable","20":"product-type-variable"},"_links":{"self":[{"href":"https:\/\/robotic-solutions.de\/en\/wp-json\/wp\/v2\/product\/4489","targetHints":{"allow":["GET"]}}],"collection":[{"href":"https:\/\/robotic-solutions.de\/en\/wp-json\/wp\/v2\/product"}],"about":[{"href":"https:\/\/robotic-solutions.de\/en\/wp-json\/wp\/v2\/types\/product"}],"wp:featuredmedia":[{"embeddable":true,"href":"https:\/\/robotic-solutions.de\/en\/wp-json\/wp\/v2\/media\/4499"}],"wp:attachment":[{"href":"https:\/\/robotic-solutions.de\/en\/wp-json\/wp\/v2\/media?parent=4489"}],"wp:term":[{"taxonomy":"product_brand","embeddable":true,"href":"https:\/\/robotic-solutions.de\/en\/wp-json\/wp\/v2\/product_brand?post=4489"},{"taxonomy":"product_cat","embeddable":true,"href":"https:\/\/robotic-solutions.de\/en\/wp-json\/wp\/v2\/product_cat?post=4489"},{"taxonomy":"product_tag","embeddable":true,"href":"https:\/\/robotic-solutions.de\/en\/wp-json\/wp\/v2\/product_tag?post=4489"}],"curies":[{"name":"wp","href":"https:\/\/api.w.org\/{rel}","templated":true}]}}