{"id":4338,"date":"2023-01-02T10:15:45","date_gmt":"2023-01-02T10:15:45","guid":{"rendered":"https:\/\/robotic-solutions.de\/?post_type=product&#038;p=4338"},"modified":"2023-06-16T14:35:24","modified_gmt":"2023-06-16T13:35:24","slug":"protektor-nw-70","status":"publish","type":"product","link":"https:\/\/robotic-solutions.de\/en\/product\/protektor-nw-70\/","title":{"rendered":"Protector NW 70"},"content":{"rendered":"<p>The protector NW 70 fits all common types of corrugated pipes of size NW 70 that are used in the automotive industry.<\/p>\n<p>&nbsp;<\/p>\n<p class=\"translation-block\"><strong>Special feature: <br><\/strong>Repair protector - the protector can be used to repair 2 NW 70 corrugated pipes\nfrom different manufacturers.\nAvailable in 3 colours.<\/p>\n<p>Available in 3 colours.<\/p>","protected":false},"excerpt":{"rendered":"<p>Der Protektor NW 70 passt auf alle g\u00e4ngigen Wellrohrtypen der Gr\u00f6\u00dfe NW 70, die in der Automobilindustrie eingesetzt werden. &nbsp; Besonderheit: Reparaturprotektor \u2013 der Protektor kann zur Reparatur von 2 Wellrohren der NW 70 von verschiedenen Herstellern verwendet werden. Erh\u00e4ltlich in 3 Farben.<\/p>","protected":false},"featured_media":4345,"template":"","meta":[],"product_brand":[],"product_cat":[28,33],"product_tag":[66],"class_list":{"0":"post-4338","1":"product","2":"type-product","3":"status-publish","4":"has-post-thumbnail","6":"product_cat-nw-70","7":"product_cat-protektor","8":"product_tag-protektor-nw-70","10":"first","11":"instock","12":"shipping-taxable","13":"purchasable","14":"product-type-variable"},"_links":{"self":[{"href":"https:\/\/robotic-solutions.de\/en\/wp-json\/wp\/v2\/product\/4338","targetHints":{"allow":["GET"]}}],"collection":[{"href":"https:\/\/robotic-solutions.de\/en\/wp-json\/wp\/v2\/product"}],"about":[{"href":"https:\/\/robotic-solutions.de\/en\/wp-json\/wp\/v2\/types\/product"}],"wp:featuredmedia":[{"embeddable":true,"href":"https:\/\/robotic-solutions.de\/en\/wp-json\/wp\/v2\/media\/4345"}],"wp:attachment":[{"href":"https:\/\/robotic-solutions.de\/en\/wp-json\/wp\/v2\/media?parent=4338"}],"wp:term":[{"taxonomy":"product_brand","embeddable":true,"href":"https:\/\/robotic-solutions.de\/en\/wp-json\/wp\/v2\/product_brand?post=4338"},{"taxonomy":"product_cat","embeddable":true,"href":"https:\/\/robotic-solutions.de\/en\/wp-json\/wp\/v2\/product_cat?post=4338"},{"taxonomy":"product_tag","embeddable":true,"href":"https:\/\/robotic-solutions.de\/en\/wp-json\/wp\/v2\/product_tag?post=4338"}],"curies":[{"name":"wp","href":"https:\/\/api.w.org\/{rel}","templated":true}]}}