{"id":4336,"date":"2023-01-02T10:04:11","date_gmt":"2023-01-02T10:04:11","guid":{"rendered":"https:\/\/robotic-solutions.de\/?post_type=product&#038;p=4336"},"modified":"2023-06-16T14:36:11","modified_gmt":"2023-06-16T13:36:11","slug":"kugelgelenk-nw-70","status":"publish","type":"product","link":"https:\/\/robotic-solutions.de\/en\/product\/kugelgelenk-nw-70\/","title":{"rendered":"Ball joint NW 70"},"content":{"rendered":"<p>The ball joint is compatible with other common system holders of NW 70 from various manufacturers and all common corrugated pipe types of NW 70.<\/p>\n<p>&nbsp;<\/p>\n<p><strong>Specialty:<\/strong> The ball joint has a particularly large angle of rotation of up to 26\u00b0.<\/p>\n<p>&nbsp;<\/p>\n<p><strong>Colour<\/strong>: black<br \/>\n<strong>Material<\/strong>: PA<br \/>\n<strong>Packaging unit (PU)<\/strong>: 5 piece<\/p>","protected":false},"excerpt":{"rendered":"<p>Das Kugelgelenk ist kompatibel mit anderen g\u00e4ngigen Systemhaltern der NW 70 von verschiedenen Herstellern und alle g\u00e4ngigen Wellrohr Typen der NW 70. &nbsp; Besonderheit: Das Kugelgelenk hat einen besonders gro\u00dfen Drehwinkel bis zu 26\u00b0. &nbsp; Farbe: schwarz Material: PA Verpackungseinheit (VPE): 5 St\u00fcck<\/p>","protected":false},"featured_media":4337,"template":"","meta":[],"product_cat":[64],"product_tag":[65],"class_list":{"0":"post-4336","1":"product","2":"type-product","3":"status-publish","4":"has-post-thumbnail","6":"product_cat-kugelgelenk","7":"product_tag-kugelgelenk-nw-70","9":"first","10":"instock","11":"shipping-taxable","12":"purchasable","13":"product-type-simple"},"_links":{"self":[{"href":"https:\/\/robotic-solutions.de\/en\/wp-json\/wp\/v2\/product\/4336","targetHints":{"allow":["GET"]}}],"collection":[{"href":"https:\/\/robotic-solutions.de\/en\/wp-json\/wp\/v2\/product"}],"about":[{"href":"https:\/\/robotic-solutions.de\/en\/wp-json\/wp\/v2\/types\/product"}],"wp:featuredmedia":[{"embeddable":true,"href":"https:\/\/robotic-solutions.de\/en\/wp-json\/wp\/v2\/media\/4337"}],"wp:attachment":[{"href":"https:\/\/robotic-solutions.de\/en\/wp-json\/wp\/v2\/media?parent=4336"}],"wp:term":[{"taxonomy":"product_cat","embeddable":true,"href":"https:\/\/robotic-solutions.de\/en\/wp-json\/wp\/v2\/product_cat?post=4336"},{"taxonomy":"product_tag","embeddable":true,"href":"https:\/\/robotic-solutions.de\/en\/wp-json\/wp\/v2\/product_tag?post=4336"}],"curies":[{"name":"wp","href":"https:\/\/api.w.org\/{rel}","templated":true}]}}