{"id":4315,"date":"2023-01-02T09:24:13","date_gmt":"2023-01-02T09:24:13","guid":{"rendered":"https:\/\/robotic-solutions.de\/?post_type=product&#038;p=4315"},"modified":"2023-01-02T09:27:55","modified_gmt":"2023-01-02T09:27:55","slug":"systemhalter-nw-48-52","status":"publish","type":"product","link":"https:\/\/robotic-solutions.de\/en\/product\/systemhalter-nw-48-52\/","title":{"rendered":"System holder NW 48\/52"},"content":{"rendered":"<p>The system holder is the core of a modular hose holder system. The system holder is compatible with other common joint pieces and half-shells of NW 48 and 52 from different manufacturers.<\/p>\n<p>&nbsp;<\/p>\n<p>The system holder can be used in automation and robot equipment technology. For dynamic use\nwith high mobility of the hose package at the attachment point as well as for a rigid application\nwith safely guided cables and hoses, with or without strain relief. The entire system offers the\nhighest performance in terms of stability and durability.<\/p>","protected":false},"excerpt":{"rendered":"<p>Der Systemhalter ist das Kernst\u00fcck eines modularen Schlauchhaltersystems. Der Systemhalter ist kompatibel mit anderen g\u00e4ngigen Gelenkst\u00fccken und Halbschalen der NW 48 und 52 von verschiedenen Herstellern. &nbsp; Der Systemhalter ist in der Automatisie-rungs,- und in der Roboterausr\u00fcstungs-technik anwendbar. F\u00fcr den dynamischen Einsatz mit hoher Beweglichkeit des Schlauchpaketes am Befestigungspunkt genauso wie f\u00fcr eine starre Anwendung [&hellip;]<\/p>\n","protected":false},"featured_media":4322,"template":"","meta":[],"product_cat":[32],"product_tag":[58,59,57],"class_list":{"0":"post-4315","1":"product","2":"type-product","3":"status-publish","4":"has-post-thumbnail","6":"product_cat-systemhalter","7":"product_tag-kombischelle-halbschale-nw-48","8":"product_tag-kombischelle-halbschale-nw-52","9":"product_tag-systemhalter-nw-48-52","11":"first","12":"instock","13":"shipping-taxable","14":"purchasable","15":"product-type-variable"},"_links":{"self":[{"href":"https:\/\/robotic-solutions.de\/en\/wp-json\/wp\/v2\/product\/4315","targetHints":{"allow":["GET"]}}],"collection":[{"href":"https:\/\/robotic-solutions.de\/en\/wp-json\/wp\/v2\/product"}],"about":[{"href":"https:\/\/robotic-solutions.de\/en\/wp-json\/wp\/v2\/types\/product"}],"wp:featuredmedia":[{"embeddable":true,"href":"https:\/\/robotic-solutions.de\/en\/wp-json\/wp\/v2\/media\/4322"}],"wp:attachment":[{"href":"https:\/\/robotic-solutions.de\/en\/wp-json\/wp\/v2\/media?parent=4315"}],"wp:term":[{"taxonomy":"product_cat","embeddable":true,"href":"https:\/\/robotic-solutions.de\/en\/wp-json\/wp\/v2\/product_cat?post=4315"},{"taxonomy":"product_tag","embeddable":true,"href":"https:\/\/robotic-solutions.de\/en\/wp-json\/wp\/v2\/product_tag?post=4315"}],"curies":[{"name":"wp","href":"https:\/\/api.w.org\/{rel}","templated":true}]}}